{"id":1011,"date":"2020-02-27T12:44:48","date_gmt":"2020-02-27T11:44:48","guid":{"rendered":"https:\/\/vipower.pl\/new\/?page_id=1011"},"modified":"2023-04-05T17:04:10","modified_gmt":"2023-04-05T15:04:10","slug":"cennik-domen","status":"publish","type":"page","link":"https:\/\/vipower.pl\/new\/cennik-domen\/","title":{"rendered":"Cennik domen"},"content":{"rendered":"<p>[vc_row css=&#8221;.vc_custom_1546952375424{padding-top: 45px !important;padding-bottom: 45px !important;background-color: #a22626 !important;}&#8221;][vc_column][vc_column_text]<\/p>\n<h2 style=\"text-align: center;\"><span style=\"color: #ffffff;\">W\u0142asna domena jak odcisk palca<\/span><\/h2>\n<p style=\"text-align: center;\"><span style=\"color: #ffffff;\">Pozw\u00f3j aby Twoja marka sta\u0142a si\u0119 wyj\u0105tkowa i jedyna w swoim rodzaju.<\/span><\/p>\n<p>[\/vc_column_text]\n    <div class=\"center-block\">   \n      <form class=\"form-inline domainsearch\" method=\"post\" action=\"https:\/\/vipower.pl\/panel\/domainchecker.php\">\n        <div class=\"row no-gutter\">\n            <div class=\"col-sm-8\">\n                <input type=\"text\" class=\"form-control\" name=\"domain\" placeholder=\"Enter your domain...\">\n            <\/div>\n            <div class=\"col-sm-2\">\n                <select class=\"form-control\"><option>.pl<\/option><option>.com<\/option><option>.eu<\/option><option>.shop<\/option><option>.com.pl<\/option><\/select>            <\/div>\n            <div class=\"col-sm-2\">\n                <button type=\"submit\" class=\"btn btn-primary\" style=\"width:100%\">Szukaj<\/button>\n            <\/div>\n        <\/div>\n      <\/form>\n    <\/div>\n        <div id=\"domainextensions\"><div class=\"item\"><div class=\"extension\">.pl<\/div><\/div><div class=\"item\"><div class=\"extension\">.com<\/div><\/div><div class=\"item\"><div class=\"extension\">.eu<\/div><\/div><div class=\"item\"><div class=\"extension\">.shop<\/div><\/div><div class=\"item\"><div class=\"extension\">.com.pl<\/div><\/div><\/div>\n    <script type=\"text\/javascript\">\n    (function($) {\n    \"use strict\";\n\n      $(\"#domainextensions\").owlCarousel({\n          autoPlay: 5000,\n          items: 6,\n          itemsDesktop: [1199, 5],\n          itemsDesktopSmall: [979, 5],\n          pagination: false\n      });\n\n    })(jQuery);\n    <\/script>\n    \n    <div class=\"text-center\" id=\"message\"><img src=\"https:\/\/vipower.pl\/new\/wp-content\/themes\/servereast\/images\/loading.gif\" alt=\"\">\n      <div class=\"mess\"><\/div><a href=\"javascript:void(0)\" class=\"btn btn-primary\">ORDER NOW<\/a>\n            <form method=\"post\" name=\"whmcs_com\" id=\"whmcs\" action=\"https:\/\/vipower.pl\/panel\/domainchecker.php\/?ccce=cart&amp;a=add&amp;domain=register\">\n              <input class=\"otdomain1\" type=\"hidden\" name=\"domains[]\" value=\"\">\n        <input class=\"otdomain2\" type=\"hidden\" name=\"\" value=\"1\">\n      <\/form>\n      \n    <\/div>\n[\/vc_column][\/vc_row][vc_row css=&#8221;.vc_custom_1546952726958{margin-top: 60px !important;}&#8221;][vc_column][vc_single_image image=&#8221;903&#8243; img_size=&#8221;full&#8221;][\/vc_column][\/vc_row][vc_row][vc_column][vc_column_text css_animation=&#8221;none&#8221;]Jeste\u015bmy oficjalnym partnerem NASK, wi\u0119c jeste\u015bmy Pa\u0144stwu w stanie zagwarantowa\u0107 stabilno\u015b\u0107 i gwarancje ceny jako<strong> bezpo\u015bredni rejestrator domen krajowych.\u00a0<\/strong>Dlatego mo\u017cemy Wam zaproponowa\u0107 jedne z najni\u017cszych odnowie\u0144 na rynku domen &#8222;.pl&#8221; oraz funkcjonalne i regionalne np: &#8222;.com.pl&#8221; &#8222;.waw.pl&#8221;[\/vc_column_text][\/vc_column][\/vc_row][vc_row css=&#8221;.vc_custom_1442563749799{padding-top: 45px !important;padding-bottom: 80px !important;background-color: #efefef !important;}&#8221;][vc_column width=&#8221;12\/12&#8243;][vc_column_text css=&#8221;.vc_custom_1655754021982{margin-bottom: 70px !important;}&#8221;]<\/p>\n<h1 style=\"text-align: center;\">CENNIK DOMEN<\/h1>\n<h3 style=\"text-align: center;\">.pl oraz .tld<\/h3>\n<p>&nbsp;<\/p>\n<p style=\"text-align: center;\">Wybieraj spo\u015br\u00f3d blisko 200 nowych rozszerze\u0144 domen internetowych.<\/p>\n<p>[\/vc_column_text][\/vc_column][vc_column width=&#8221;1\/5&#8243; css=&#8221;.vc_custom_1581948752650{padding-right: 0px !important;padding-left: 0px !important;}&#8221;]\n  <div class=\"pricingtables default\">\n    <div class=\"panel panel-info most-popular\">\n        <div class=\"panel-heading\">\n            <h3 class=\"text-center\">Domena<\/h3>\n        <\/div>\n        <div class=\"panel-body text-center\">\n                        <h4><\/h4>\n                    <\/div>\n        <div class=\"text-center\"><p>\n          <\/p>\n<ul>\n<li>Domena .PL<\/li>\n<li>Funkcjonalna np .com.pl .net.pl<\/li>\n<li>Regionalna np .waw.pl .elk.pl<\/li>\n<li>Domena .COM<\/li>\n<li>Domeny .ORG .NET<\/li>\n<li>Domeny .INFO .BIZ<\/li>\n<li>Domena .EU<\/li>\n<li>Domena .DE<\/li>\n<li>Domena .NAME<\/li>\n<li>Domena .TV<\/li>\n<\/ul>\n<p>        <\/div>\n            <\/div>\n  <\/div>\n\n  [\/vc_column][vc_column width=&#8221;1\/5&#8243; css=&#8221;.vc_custom_1581948511238{padding-right: 0px !important;padding-left: 0px !important;}&#8221;]\n  <div class=\"pricingtables default\">\n    <div class=\"panel panel-info most-popular\">\n        <div class=\"panel-heading\">\n            <h3 class=\"text-center\">Cena Rejestracji<\/h3>\n        <\/div>\n        <div class=\"panel-body text-center\">\n                        <h4><\/h4>\n                    <\/div>\n        <div class=\"text-center\"><p>\n          <\/p>\n<ul>\n<li>13,00 z\u0142<\/li>\n<li>13,00 z\u0142<\/li>\n<li>13,00 z\u0142<\/li>\n<li>92,25 z\u0142<\/li>\n<li>107,01 z\u0142<\/li>\n<li>157,44 z\u0142<\/li>\n<li>44,28 z\u0142<\/li>\n<li>147,60 z\u0142<\/li>\n<li>86,10 z\u0142<\/li>\n<li>244,77 z\u0142<\/li>\n<\/ul>\n<p>        <\/div>\n            <\/div>\n  <\/div>\n\n  [\/vc_column][vc_column width=&#8221;1\/5&#8243; css=&#8221;.vc_custom_1581948516534{padding-right: 0px !important;padding-left: 0px !important;}&#8221;]\n  <div class=\"pricingtables default\">\n    <div class=\"panel panel-info most-popular\">\n        <div class=\"panel-heading\">\n            <h3 class=\"text-center\">Cena odnowienia<\/h3>\n        <\/div>\n        <div class=\"panel-body text-center\">\n                        <h4><\/h4>\n                    <\/div>\n        <div class=\"text-center\"><p>\n          <\/p>\n<ul>\n<li>66,00 z\u0142<\/li>\n<li>49,00 z\u0142<\/li>\n<li>44,00 z\u0142<\/li>\n<li>92,25 z\u0142<\/li>\n<li>107,01 z\u0142<\/li>\n<li>157,44 z\u0142<\/li>\n<li>44,28 z\u0142<\/li>\n<li>147,60 z\u0142<\/li>\n<li>86,10 z\u0142<\/li>\n<li>244,77 z\u0142<\/li>\n<\/ul>\n<p>        <\/div>\n            <\/div>\n  <\/div>\n\n  [\/vc_column][vc_column width=&#8221;1\/5&#8243; css=&#8221;.vc_custom_1581948524535{padding-right: 0px !important;padding-left: 0px !important;}&#8221;]\n  <div class=\"pricingtables default\">\n    <div class=\"panel panel-info most-popular\">\n        <div class=\"panel-heading\">\n            <h3 class=\"text-center\">Reaktywacja<\/h3>\n        <\/div>\n        <div class=\"panel-body text-center\">\n                        <h4><\/h4>\n                    <\/div>\n        <div class=\"text-center\"><p>\n          <\/p>\n<ul>\n<li>77,20 z\u0142<\/li>\n<li>58,80 z\u0142<\/li>\n<li>52,80 z\u0142<\/li>\n<li>554,00 z\u0142 **<\/li>\n<li>554,00 z\u0142 **<\/li>\n<li>554,00 z\u0142 **<\/li>\n<li>60,00 z\u0142 **<\/li>\n<li>250,00 z\u0142 **<\/li>\n<li>554,00 z\u0142 **<\/li>\n<li>699,00 z\u0142 **<\/li>\n<\/ul>\n<p>        <\/div>\n            <\/div>\n  <\/div>\n\n  [\/vc_column][vc_column width=&#8221;1\/5&#8243; css=&#8221;.vc_custom_1581948529110{padding-right: 0px !important;padding-left: 0px !important;}&#8221;]\n  <div class=\"pricingtables default\">\n    <div class=\"panel panel-info most-popular\">\n        <div class=\"panel-heading\">\n            <h3 class=\"text-center\">Transfer<\/h3>\n        <\/div>\n        <div class=\"panel-body text-center\">\n                        <h4><\/h4>\n                    <\/div>\n        <div class=\"text-center\"><p>\n          <\/p>\n<ul>\n<li>66,00 z\u0142<\/li>\n<li>49,00 z\u0142<\/li>\n<li>44,00 z\u0142<\/li>\n<li>92,25 z\u0142 *<\/li>\n<li>107,01 z\u0142 *<\/li>\n<li>157,44 z\u0142 *<\/li>\n<li>44,28 z\u0142 *<\/li>\n<li>147,60 z\u0142 *<\/li>\n<li>86,10 z\u0142 *<\/li>\n<li>244,77 z\u0142 *<\/li>\n<\/ul>\n<p>        <\/div>\n            <\/div>\n  <\/div>\n\n  [\/vc_column][\/vc_row][vc_row][vc_column][vc_empty_space][vc_column_text]Podane ceny s\u0105 cenami brutto.<br \/>\n** Reaktywacja domeny globalnej np .com .net itd. Po 30 dniach od wyga\u015bni\u0119cia 307,5z\u0142 brutto<\/p>\n<p><strong>* Dlaczego transfer domeny jest p\u0142atny?<\/strong><br \/>\nPo zako\u0144czeniu transferu, wa\u017cno\u015b\u0107 domeny jest przed\u0142u\u017cana o kolejny rok u nowego rejestratora.[\/vc_column_text][\/vc_column][\/vc_row][vc_row css=&#8221;.vc_custom_1546954600249{padding-top: 65px !important;padding-bottom: 45px !important;background-color: #efefef !important;}&#8221; el_class=&#8221;featured&#8221;][vc_column][vc_column_text css=&#8221;.vc_custom_1546953024177{margin-bottom: 50px !important;}&#8221;]<\/p>\n<h2 style=\"text-align: center;\">\u0141atwe zarz\u0105dzanie z panelu<\/h2>\n<p style=\"text-align: center;\">Dodawaj, przed\u0142u\u017caj i kontroluj swoje domeny w niezwykle \u0142atwym i przyjemnym panelu administracyjnym.<\/p>\n<p>[\/vc_column_text][vc_row_inner el_class=&#8221;feature&#8221;][vc_column_inner width=&#8221;1\/3&#8243;][vc_column_text]<\/p>\n<h4><img decoding=\"async\" loading=\"lazy\" class=\"aligncenter wp-image-913 size-full\" src=\"http:\/\/dev.catdesign.pl\/vipower\/wp-content\/uploads\/2019\/01\/shopping-1.svg\" alt=\"\" width=\"512\" height=\"512\" \/>Tanie przed\u0142u\u017cenie<\/h4>\n<p>Je\u017celi zamierzasz prowadzi\u0107 biznes przez d\u0142u\u017cszy okres czasu, kwota przed\u0142u\u017cenia domeny jest niezwykle istotnym czynnikiem.[\/vc_column_text][\/vc_column_inner][vc_column_inner width=&#8221;1\/3&#8243;][vc_column_text]<\/p>\n<h4><img decoding=\"async\" class=\"size-full wp-image-914 aligncenter\" src=\"http:\/\/dev.catdesign.pl\/vipower\/wp-content\/uploads\/2019\/01\/transfer-1.svg\" alt=\"\" \/>Transfer<\/h4>\n<p>Nie ograniczamy Ci\u0119 w transferze domen pomi\u0119dzy operatorami. Rozumiemy Twoje potrzeby.[\/vc_column_text][\/vc_column_inner][vc_column_inner width=&#8221;1\/3&#8243;][vc_column_text]<\/p>\n<h4><img decoding=\"async\" class=\"size-full wp-image-915 aligncenter\" src=\"http:\/\/dev.catdesign.pl\/vipower\/wp-content\/uploads\/2019\/01\/menu.svg\" alt=\"\" \/>Zarz\u0105dzanie<\/h4>\n<p>Zarz\u0105dzanie Twoimi domenami z jednego miejsca jeszcze nigdy nie by\u0142o tak przyjazne.[\/vc_column_text][\/vc_column_inner][\/vc_row_inner][\/vc_column][\/vc_row][vc_row][vc_column][vc_column_text]<\/p>\n<h2 class=\"wdes-section-header-primary\" style=\"text-align: center;\">W czym jeszcze mo\u017cemy pom\u00f3c?<\/h2>\n<p style=\"text-align: center;\">Wybra\u0142e\u015b ju\u017c swoj\u0105 wymarzon\u0105 domen\u0119?<br \/>\nNapisz do nas, a pomo\u017cemy wykorzysta\u0107 jej mo\u017cliwo\u015bci na naszych serwerach.<\/p>\n<p>[\/vc_column_text][\/vc_column][\/vc_row]<\/p>\n","protected":false},"excerpt":{"rendered":"<p>[vc_row css=&#8221;.vc_custom_1546952375424{padding-top: 45px !important;padding-bottom: 45px !important;background-color: #a22626 !important;}&#8221;][vc_column][vc_column_text] W\u0142asna domena jak odcisk palca Pozw\u00f3j aby Twoja marka sta\u0142a si\u0119 wyj\u0105tkowa i jedyna w swoim rodzaju. [\/vc_column_text][\/vc_column][\/vc_row][vc_row css=&#8221;.vc_custom_1546952726958{margin-top: 60px !important;}&#8221;][vc_column][vc_single_image image=&#8221;903&#8243; img_size=&#8221;full&#8221;][\/vc_column][\/vc_row][vc_row][vc_column][vc_column_text css_animation=&#8221;none&#8221;]Jeste\u015bmy oficjalnym partnerem NASK, wi\u0119c jeste\u015bmy Pa\u0144stwu w stanie zagwarantowa\u0107 stabilno\u015b\u0107 i gwarancje ceny jako bezpo\u015bredni rejestrator domen krajowych.\u00a0Dlatego mo\u017cemy Wam zaproponowa\u0107 jedne z [&hellip;]<\/p>\n","protected":false},"author":1,"featured_media":0,"parent":0,"menu_order":0,"comment_status":"closed","ping_status":"closed","template":"page-templates\/template-fullwidth.php","meta":[],"acf":[],"_links":{"self":[{"href":"https:\/\/vipower.pl\/new\/wp-json\/wp\/v2\/pages\/1011"}],"collection":[{"href":"https:\/\/vipower.pl\/new\/wp-json\/wp\/v2\/pages"}],"about":[{"href":"https:\/\/vipower.pl\/new\/wp-json\/wp\/v2\/types\/page"}],"author":[{"embeddable":true,"href":"https:\/\/vipower.pl\/new\/wp-json\/wp\/v2\/users\/1"}],"replies":[{"embeddable":true,"href":"https:\/\/vipower.pl\/new\/wp-json\/wp\/v2\/comments?post=1011"}],"version-history":[{"count":27,"href":"https:\/\/vipower.pl\/new\/wp-json\/wp\/v2\/pages\/1011\/revisions"}],"predecessor-version":[{"id":1082,"href":"https:\/\/vipower.pl\/new\/wp-json\/wp\/v2\/pages\/1011\/revisions\/1082"}],"wp:attachment":[{"href":"https:\/\/vipower.pl\/new\/wp-json\/wp\/v2\/media?parent=1011"}],"curies":[{"name":"wp","href":"https:\/\/api.w.org\/{rel}","templated":true}]}}