{"id":230,"date":"2015-09-14T08:21:31","date_gmt":"2015-09-14T08:21:31","guid":{"rendered":"http:\/\/demo.vegatheme.com\/servereast\/?page_id=230"},"modified":"2019-01-08T13:39:52","modified_gmt":"2019-01-08T12:39:52","slug":"contact","status":"publish","type":"page","link":"https:\/\/vipower.pl\/new\/contact\/","title":{"rendered":"Kontakt"},"content":{"rendered":"<p>[vc_row][vc_column][vc_single_image image=&#8221;882&#8243; img_size=&#8221;full&#8221; alignment=&#8221;center&#8221;][\/vc_column][\/vc_row][vc_row css=&#8221;.vc_custom_1546951039256{padding-top: 45px !important;padding-bottom: 45px !important;}&#8221; el_class=&#8221;contact&#8221;][vc_column width=&#8221;2\/3&#8243;][vc_column_text]Zach\u0119camy Pa\u0144stwa do bezpo\u015bredniego kontaktu z Biurem Obs\u0142ugi Klienta, za pomoc\u0105 poczty elektronicznej, telefonu lub formularza kontaktowego. Ch\u0119tnie odpowiemy na wszystkie pytania oraz udzielimy wyczerpuj\u0105cej informacji dotycz\u0105cej naszej aktualnej oferty biznesowej.[\/vc_column_text]<h3 class= \"contact-title\" style=\"text-align: left;\">Wype\u0142nij formularz<\/h3>\n<div class=\"wpcf7 no-js\" id=\"wpcf7-f253-o1\" lang=\"en-US\" dir=\"ltr\">\n<div class=\"screen-reader-response\"><p role=\"status\" aria-live=\"polite\" aria-atomic=\"true\"><\/p> <ul><\/ul><\/div>\n<form action=\"\/new\/wp-json\/wp\/v2\/pages\/230#wpcf7-f253-o1\" method=\"post\" class=\"wpcf7-form init\" aria-label=\"Contact form\" novalidate=\"novalidate\" data-status=\"init\">\n<div style=\"display: none;\">\n<input type=\"hidden\" name=\"_wpcf7\" value=\"253\" \/>\n<input type=\"hidden\" name=\"_wpcf7_version\" value=\"5.7.7\" \/>\n<input type=\"hidden\" name=\"_wpcf7_locale\" value=\"en_US\" \/>\n<input type=\"hidden\" name=\"_wpcf7_unit_tag\" value=\"wpcf7-f253-o1\" \/>\n<input type=\"hidden\" name=\"_wpcf7_container_post\" value=\"0\" \/>\n<input type=\"hidden\" name=\"_wpcf7_posted_data_hash\" value=\"\" \/>\n<\/div>\n<div id=\"contactform\">\n\t<p><label for=\"name\">Imi\u0119 i nazwisko:*<\/label><span class=\"wpcf7-form-control-wrap\" data-name=\"your-name\"><input size=\"40\" class=\"wpcf7-form-control wpcf7-text wpcf7-validates-as-required form-control\" aria-required=\"true\" aria-invalid=\"false\" value=\"\" type=\"text\" name=\"your-name\" \/><\/span>\n\t<\/p>\n\t<p><label for=\"email\">E-mail:*<\/label><span class=\"wpcf7-form-control-wrap\" data-name=\"your-email\"><input size=\"40\" class=\"wpcf7-form-control wpcf7-text wpcf7-email wpcf7-validates-as-required wpcf7-validates-as-email form-control\" aria-required=\"true\" aria-invalid=\"false\" value=\"\" type=\"email\" name=\"your-email\" \/><\/span>\n\t<\/p>\n\t<p><label for=\"comments\">Wiadomo\u015b\u0107:*<\/label><span class=\"wpcf7-form-control-wrap\" data-name=\"your-message\"><textarea cols=\"40\" rows=\"10\" class=\"wpcf7-form-control wpcf7-textarea wpcf7-validates-as-required form-control\" aria-required=\"true\" aria-invalid=\"false\" name=\"your-message\"><\/textarea><\/span>\n\t<\/p>\n\t<p><input class=\"wpcf7-form-control has-spinner wpcf7-submit\" type=\"submit\" value=\"Wy\u015blij wiadomo\u015b\u0107\" \/>\n\t<\/p>\n<\/div><div class=\"wpcf7-response-output\" aria-hidden=\"true\"><\/div>\n<\/form>\n<\/div>\n[\/vc_column][vc_column width=&#8221;1\/4&#8243; el_class=&#8221;contact&#8221; offset=&#8221;vc_col-lg-offset-1&#8243;][vc_column_text]<\/p>\n<h1><a href=\"mailto:bok@vipower.pl\">bok@vipower.pl<\/a><\/h1>\n<p><strong>Szybki e-mail<\/strong><br \/>\n<a href=\"mailto:ksiegowosc@vipower.pl\">ksiegowosc@vipower.pl<\/a><br \/>\n<a href=\"mailto:abuse@vipower.pl\">abuse@vipower.pl<\/a><\/p>\n<p><strong>Telefon<\/strong><br \/>\n<small>+48<\/small> (74) 644 72 30<\/p>\n<p><strong>Dane kontaktowe<\/strong><\/p>\n<p>Dane rejestracyjne Firmy:<br \/>\nVIBIZNES Pawe\u0142 Jarosz, 58-100 \u015awidnica, ul. Sienna 6\/6<br \/>\nNIP: 884-259-00-06<br \/>\nNIP EU: PL8842590006<br \/>\nREGON: 021043600<br \/>\nNazwa Banku Firmowego Konta<br \/>\nRaiffeisen Bank Polska S.A.<br \/>\nNumer Konta<br \/>\n31 1750 0012 0000 0000 4001 1269<\/p>\n<p>Adres do korespondencji pocztowej:<br \/>\nVIBIZNES Pawe\u0142 Jarosz, 58-140 Jaworzyna \u015al\u0105ska, ul. \u015awierkowa 1[\/vc_column_text][\/vc_column][\/vc_row]<\/p>\n","protected":false},"excerpt":{"rendered":"<p>[vc_row][vc_column][vc_single_image image=&#8221;882&#8243; img_size=&#8221;full&#8221; alignment=&#8221;center&#8221;][\/vc_column][\/vc_row][vc_row css=&#8221;.vc_custom_1546951039256{padding-top: 45px !important;padding-bottom: 45px !important;}&#8221; el_class=&#8221;contact&#8221;][vc_column width=&#8221;2\/3&#8243;][vc_column_text]Zach\u0119camy Pa\u0144stwa do bezpo\u015bredniego kontaktu z Biurem Obs\u0142ugi Klienta, za pomoc\u0105 poczty elektronicznej, telefonu lub formularza kontaktowego. Ch\u0119tnie odpowiemy na wszystkie pytania oraz udzielimy wyczerpuj\u0105cej informacji dotycz\u0105cej naszej aktualnej oferty biznesowej.[\/vc_column_text][\/vc_column][vc_column width=&#8221;1\/4&#8243; el_class=&#8221;contact&#8221; offset=&#8221;vc_col-lg-offset-1&#8243;][vc_column_text] bok@vipower.pl Szybki e-mail ksiegowosc@vipower.pl abuse@vipower.pl Telefon +48 (74) 644 72 30 [&hellip;]<\/p>\n","protected":false},"author":1,"featured_media":0,"parent":0,"menu_order":0,"comment_status":"closed","ping_status":"closed","template":"page-templates\/template-fullwidth.php","meta":[],"acf":[],"_links":{"self":[{"href":"https:\/\/vipower.pl\/new\/wp-json\/wp\/v2\/pages\/230"}],"collection":[{"href":"https:\/\/vipower.pl\/new\/wp-json\/wp\/v2\/pages"}],"about":[{"href":"https:\/\/vipower.pl\/new\/wp-json\/wp\/v2\/types\/page"}],"author":[{"embeddable":true,"href":"https:\/\/vipower.pl\/new\/wp-json\/wp\/v2\/users\/1"}],"replies":[{"embeddable":true,"href":"https:\/\/vipower.pl\/new\/wp-json\/wp\/v2\/comments?post=230"}],"version-history":[{"count":9,"href":"https:\/\/vipower.pl\/new\/wp-json\/wp\/v2\/pages\/230\/revisions"}],"predecessor-version":[{"id":891,"href":"https:\/\/vipower.pl\/new\/wp-json\/wp\/v2\/pages\/230\/revisions\/891"}],"wp:attachment":[{"href":"https:\/\/vipower.pl\/new\/wp-json\/wp\/v2\/media?parent=230"}],"curies":[{"name":"wp","href":"https:\/\/api.w.org\/{rel}","templated":true}]}}