{"id":952,"date":"2020-02-17T15:36:29","date_gmt":"2020-02-17T14:36:29","guid":{"rendered":"https:\/\/vipower.pl\/new\/?page_id=952"},"modified":"2020-03-02T12:28:36","modified_gmt":"2020-03-02T11:28:36","slug":"konta-reseller","status":"publish","type":"page","link":"https:\/\/vipower.pl\/new\/konta-reseller\/","title":{"rendered":"Konta Reseller"},"content":{"rendered":"<p>[vc_row][vc_column][vc_single_image image=&#8221;1001&#8243; img_size=&#8221;full&#8221; alignment=&#8221;center&#8221;][vc_column_text]Szukasz du\u017cego, taniego, a zarazem niezawodnego konta reseller? To dobrze trafi\u0142e\u015b!<br \/>\nDzi\u0119ki takiemu rozwi\u0105zaniu mo\u017cesz tworzy\u0107 w\u0142asne pakiety hostingowe i rozdawa\u0107 je lub tak\u017ce sprzedawa\u0107 swoim klientom na w\u0142asnych warunkach. Teraz mo\u017cesz zaj\u0105\u0107 si\u0119 swoim w\u0142asnym biznesem, a Nam pozostawiasz reszt\u0119.<br \/>\nNie potrzebujesz r\u00f3wnie\u017c du\u017cej wiedzy, aby zarz\u0105dza\u0107 takimi us\u0142ugami i kontem. Wszystko mo\u017cna praktycznie wyklika\u0107 w przejrzystym i prostym panelu administracyjnym DirectAdmin w polskiej wersji j\u0119zykowej. Sam zak\u0142adasz konta, modyfikujesz, ustalasz limity oraz parametry, blokujesz i usuwasz! My tylko pilnujemy aby ca\u0142y serwer dzia\u0142a\u0142 jak najbardziej stabilnie i bez problem\u00f3w, a ty mo\u017cesz zaj\u0105\u0107 si\u0119 swoim projektem.[\/vc_column_text][\/vc_column][\/vc_row][vc_row css=&#8221;.vc_custom_1442563749799{padding-top: 45px !important;padding-bottom: 80px !important;background-color: #efefef !important;}&#8221;][vc_column width=&#8221;12\/12&#8243;][vc_column_text css=&#8221;.vc_custom_1581947109350{margin-bottom: 70px !important;}&#8221;]<\/p>\n<h2 style=\"text-align: center;\">OFERTA<\/h2>\n<p>[\/vc_column_text][\/vc_column][vc_column width=&#8221;1\/4&#8243; css=&#8221;.vc_custom_1581950420591{padding-right: 0px !important;padding-left: 0px !important;}&#8221;]\n  <div class=\"pricingtables default\">\n    <div class=\"panel panel-info\">\n        <div class=\"panel-heading\">\n            <h3 class=\"text-center\">VIRS STARTER<\/h3>\n        <\/div>\n        <div class=\"panel-body text-center\">\n            <span>Ju\u017c od<\/span>            <h4>36,90z\u0142<\/h4>\n            <span class=\"per\">miesi\u0105c<\/span>        <\/div>\n        <div class=\"text-center\"><p>\n          <\/p>\n<ul>\n<li>Pojemno\u015b\u0107 serwera <strong>15GB<\/strong><\/li>\n<li>Transfer roczny <strong>1800GB<\/strong><\/li>\n<li>Transfer miesi\u0119czny <strong>150GB<\/strong><\/li>\n<li>7 dni na testy<\/li>\n<li>24\/7 support<\/li>\n<li>Codzienny backup danych<\/li>\n<li>DirectAdmin PL<\/li>\n<li>Overselling<\/li>\n<li>Gwarancja uptime <strong>99,8%<\/strong><\/li>\n<\/ul>\n<p>        <\/div>\n                <div class=\"panel-footer\">\n            <a class=\"btn btn-lg btn-pricetable\" href=\"#\">Zamawiam<\/a>\n        <\/div>\n            <\/div>\n  <\/div>\n\n  [\/vc_column][vc_column width=&#8221;1\/4&#8243; css=&#8221;.vc_custom_1581948511238{padding-right: 0px !important;padding-left: 0px !important;}&#8221;]\n  <div class=\"pricingtables default\">\n    <div class=\"panel panel-info most-popular\">\n        <div class=\"panel-heading\">\n            <h3 class=\"text-center\">VIRS MEDIUM<\/h3>\n        <\/div>\n        <div class=\"panel-body text-center\">\n            <span>Ju\u017c od<\/span>            <h4>73,80z\u0142<\/h4>\n            <span class=\"per\">miesi\u0105c<\/span>        <\/div>\n        <div class=\"text-center\"><p>\n          <\/p>\n<ul>\n<li>Pojemno\u015b\u0107 serwera <strong>30GB<\/strong><\/li>\n<li>Transfer roczny <strong>4800GB<\/strong><\/li>\n<li>Transfer miesi\u0119czny <strong>400GB<\/strong><\/li>\n<li>7 dni na testy<\/li>\n<li>24\/7 support<\/li>\n<li>Codzienny backup danych<\/li>\n<li>DirectAdmin PL<\/li>\n<li>Overselling<\/li>\n<li>Gwarancja uptime <strong>99,8%<\/strong><\/li>\n<\/ul>\n<p>        <\/div>\n                <div class=\"panel-footer\">\n            <a class=\"btn btn-lg btn-pricetable\" href=\"#\">Zamawiam<\/a>\n        <\/div>\n            <\/div>\n  <\/div>\n\n  [\/vc_column][vc_column width=&#8221;1\/4&#8243; css=&#8221;.vc_custom_1581948516534{padding-right: 0px !important;padding-left: 0px !important;}&#8221;]\n  <div class=\"pricingtables default\">\n    <div class=\"panel panel-info\">\n        <div class=\"panel-heading\">\n            <h3 class=\"text-center\">VIRS MAX<\/h3>\n        <\/div>\n        <div class=\"panel-body text-center\">\n            <span>Ju\u017c od<\/span>            <h4>110,70z\u0142<\/h4>\n            <span class=\"per\">miesi\u0105c<\/span>        <\/div>\n        <div class=\"text-center\"><p>\n          <\/p>\n<ul>\n<li>Pojemno\u015b\u0107 serwera <strong>70GB<\/strong><\/li>\n<li>Transfer roczny <strong>12000GB<\/strong><\/li>\n<li>Transfer miesi\u0119czny <strong>1000GB<\/strong><\/li>\n<li>7 dni na testy<\/li>\n<li>24\/7 support<\/li>\n<li>Codzienny backup danych<\/li>\n<li>DirectAdmin PL<\/li>\n<li>Overselling<\/li>\n<li>Gwarancja uptime <strong>99,8%<\/strong><\/li>\n<\/ul>\n<p>        <\/div>\n                <div class=\"panel-footer\">\n            <a class=\"btn btn-lg btn-pricetable\" href=\"#\">Zamawiam<\/a>\n        <\/div>\n            <\/div>\n  <\/div>\n\n  [\/vc_column][vc_column width=&#8221;1\/4&#8243; css=&#8221;.vc_custom_1581948524535{padding-right: 0px !important;padding-left: 0px !important;}&#8221;]\n  <div class=\"pricingtables default\">\n    <div class=\"panel panel-info\">\n        <div class=\"panel-heading\">\n            <h3 class=\"text-center\">VIRS PRO<\/h3>\n        <\/div>\n        <div class=\"panel-body text-center\">\n            <span>Ju\u017c od<\/span>            <h4>159,90z\u0142<\/h4>\n            <span class=\"per\">miesi\u0105c<\/span>        <\/div>\n        <div class=\"text-center\"><p>\n          <\/p>\n<ul>\n<li>Pojemno\u015b\u0107 serwera <strong>100GB<\/strong><\/li>\n<li>Transfer roczny <strong>Bez limitu<br \/>\n<\/strong><\/li>\n<li>Transfer miesi\u0119czny <strong>Bez limitu<\/strong><\/li>\n<li>7 dni na testy<\/li>\n<li>24\/7 support<\/li>\n<li>Codzienny backup danych<\/li>\n<li>DirectAdmin PL<\/li>\n<li>Overselling<\/li>\n<li>Gwarancja uptime <strong>99,8%<\/strong><\/li>\n<\/ul>\n<p>        <\/div>\n                <div class=\"panel-footer\">\n            <a class=\"btn btn-lg btn-pricetable\" href=\"#\">Zamawiam<\/a>\n        <\/div>\n            <\/div>\n  <\/div>\n\n  [\/vc_column][\/vc_row][vc_row css=&#8221;.vc_custom_1442563749799{padding-top: 45px !important;padding-bottom: 80px !important;background-color: #efefef !important;}&#8221;][vc_column width=&#8221;12\/12&#8243;][vc_column_text css=&#8221;.vc_custom_1581948792303{margin-bottom: 70px !important;}&#8221;]<\/p>\n<h2 style=\"text-align: center;\"><strong>PARAMETRY WWW<\/strong><\/h2>\n<p>[\/vc_column_text][\/vc_column][vc_column width=&#8221;1\/4&#8243; css=&#8221;.vc_custom_1581948752650{padding-right: 0px !important;padding-left: 0px !important;}&#8221;]\n  <div class=\"pricingtables default\">\n    <div class=\"panel panel-info\">\n        <div class=\"panel-heading\">\n            <h3 class=\"text-center\">VIRS STARTER<\/h3>\n        <\/div>\n        <div class=\"panel-body text-center\">\n            <span>Dodatkowe parametry<\/span>            <h4><\/h4>\n                    <\/div>\n        <div class=\"text-center\"><p>\n          <\/p>\n<ul>\n<li>Bezp\u0142atny adres w domenie *.xcl.pl Bez limitu<\/li>\n<li>Subdomeny Bez limitu<\/li>\n<li>Obs\u0142uga php_flag<\/li>\n<li>Wildcard opcja<\/li>\n<li>Obs\u0142uga PHP4, PHP5<\/li>\n<li>W\u0142asny .htaccess<\/li>\n<li>Mod_rewrite<\/li>\n<li>Zend Optimizer<\/li>\n<li>IonCube Loader<\/li>\n<li>Zadania Cron<\/li>\n<li>Katalogi zabezpieczone has\u0142em<\/li>\n<li>W\u0142asne strony b\u0142\u0119d\u00f3w<\/li>\n<li><strong>W\u0142asny adres IP opcja<br \/>\n<\/strong><\/li>\n<li>Mo\u017cliwo\u015b\u0107 uruchamiania CGI, PERL, SSI<\/li>\n<li>Dost\u0119p do log\u00f3w i statystyk<\/li>\n<li>Konta FTP bez limitu<\/li>\n<li><strong>Bazy Mysql 5.0.x 10<br \/>\n<\/strong><\/li>\n<li>Nielimitowana wielko\u015b\u0107 baz danych<\/li>\n<li>Wsparcie dla MySQLi, PDO<\/li>\n<li>Zarz\u0105dzanie dns<\/li>\n<li>Menad\u017cer plik\u00f3w z poziomu panelu<\/li>\n<li>Brak blokady po przekroczeniu transferu<\/li>\n<li>Obs\u0142uga PHP4, PHP5<\/li>\n<li>PhpMyAdmin PL<\/li>\n<\/ul>\n<p>        <\/div>\n                <div class=\"panel-footer\">\n            <a class=\"btn btn-lg btn-pricetable\" href=\"#\">Zamawiam<\/a>\n        <\/div>\n            <\/div>\n  <\/div>\n\n  [\/vc_column][vc_column width=&#8221;1\/4&#8243; css=&#8221;.vc_custom_1581948511238{padding-right: 0px !important;padding-left: 0px !important;}&#8221;]\n  <div class=\"pricingtables default\">\n    <div class=\"panel panel-info most-popular\">\n        <div class=\"panel-heading\">\n            <h3 class=\"text-center\">VIRS MEDIUM<\/h3>\n        <\/div>\n        <div class=\"panel-body text-center\">\n            <span>Dodatkowe parametry<\/span>            <h4><\/h4>\n                    <\/div>\n        <div class=\"text-center\"><p>\n          <\/p>\n<ul>\n<li>Bezp\u0142atny adres w domenie *.xcl.pl Bez limitu<\/li>\n<li>Subdomeny Bez limitu<\/li>\n<li>Obs\u0142uga php_flag<\/li>\n<li>Wildcard opcja<\/li>\n<li>Obs\u0142uga PHP4, PHP5<\/li>\n<li>W\u0142asny .htaccess<\/li>\n<li>Mod_rewrite<\/li>\n<li>Zend Optimizer<\/li>\n<li>IonCube Loader<\/li>\n<li>Zadania Cron<\/li>\n<li>Katalogi zabezpieczone has\u0142em<\/li>\n<li>W\u0142asne strony b\u0142\u0119d\u00f3w<\/li>\n<li><strong>W\u0142asny adres IP opcja<br \/>\n<\/strong><\/li>\n<li>Mo\u017cliwo\u015b\u0107 uruchamiania CGI, PERL, SSI<\/li>\n<li>Dost\u0119p do log\u00f3w i statystyk<\/li>\n<li>Konta FTP bez limitu<\/li>\n<li><strong>Bazy Mysql 5.0.x 10<br \/>\n<\/strong><\/li>\n<li>Nielimitowana wielko\u015b\u0107 baz danych<\/li>\n<li>Wsparcie dla MySQLi, PDO<\/li>\n<li>Zarz\u0105dzanie dns<\/li>\n<li>Menad\u017cer plik\u00f3w z poziomu panelu<\/li>\n<li>Brak blokady po przekroczeniu transferu<\/li>\n<li>Obs\u0142uga PHP4, PHP5<\/li>\n<li>PhpMyAdmin PL<\/li>\n<\/ul>\n<p>        <\/div>\n                <div class=\"panel-footer\">\n            <a class=\"btn btn-lg btn-pricetable\" href=\"#\">Zamawiam<\/a>\n        <\/div>\n            <\/div>\n  <\/div>\n\n  [\/vc_column][vc_column width=&#8221;1\/4&#8243; css=&#8221;.vc_custom_1581948516534{padding-right: 0px !important;padding-left: 0px !important;}&#8221;]\n  <div class=\"pricingtables default\">\n    <div class=\"panel panel-info\">\n        <div class=\"panel-heading\">\n            <h3 class=\"text-center\">VIRS MAX<\/h3>\n        <\/div>\n        <div class=\"panel-body text-center\">\n            <span>Dodatkowe parametry<\/span>            <h4><\/h4>\n                    <\/div>\n        <div class=\"text-center\"><p>\n          <\/p>\n<ul>\n<li>Bezp\u0142atny adres w domenie *.xcl.pl Bez limitu<\/li>\n<li>Subdomeny Bez limitu<\/li>\n<li>Obs\u0142uga php_flag<\/li>\n<li>Wildcard opcja<\/li>\n<li>Obs\u0142uga PHP4, PHP5<\/li>\n<li>W\u0142asny .htaccess<\/li>\n<li>Mod_rewrite<\/li>\n<li>Zend Optimizer<\/li>\n<li>IonCube Loader<\/li>\n<li>Zadania Cron<\/li>\n<li>Katalogi zabezpieczone has\u0142em<\/li>\n<li>W\u0142asne strony b\u0142\u0119d\u00f3w<\/li>\n<li><strong>W\u0142asny adres IP opcja<br \/>\n<\/strong><\/li>\n<li>Mo\u017cliwo\u015b\u0107 uruchamiania CGI, PERL, SSI<\/li>\n<li>Dost\u0119p do log\u00f3w i statystyk<\/li>\n<li>Konta FTP bez limitu<\/li>\n<li><strong>Bazy Mysql 5.0.x 10<br \/>\n<\/strong><\/li>\n<li>Nielimitowana wielko\u015b\u0107 baz danych<\/li>\n<li>Wsparcie dla MySQLi, PDO<\/li>\n<li>Zarz\u0105dzanie dns<\/li>\n<li>Menad\u017cer plik\u00f3w z poziomu panelu<\/li>\n<li>Brak blokady po przekroczeniu transferu<\/li>\n<li>Obs\u0142uga PHP4, PHP5<\/li>\n<li>PhpMyAdmin PL<\/li>\n<\/ul>\n<p>        <\/div>\n                <div class=\"panel-footer\">\n            <a class=\"btn btn-lg btn-pricetable\" href=\"#\">Zamawiam<\/a>\n        <\/div>\n            <\/div>\n  <\/div>\n\n  [\/vc_column][vc_column width=&#8221;1\/4&#8243; css=&#8221;.vc_custom_1581948524535{padding-right: 0px !important;padding-left: 0px !important;}&#8221;]\n  <div class=\"pricingtables default\">\n    <div class=\"panel panel-info\">\n        <div class=\"panel-heading\">\n            <h3 class=\"text-center\">VIRS PRO<\/h3>\n        <\/div>\n        <div class=\"panel-body text-center\">\n            <span>Dodatkowe parametry<\/span>            <h4><\/h4>\n                    <\/div>\n        <div class=\"text-center\"><p>\n          <\/p>\n<ul>\n<li>Bezp\u0142atny adres w domenie *.xcl.pl Bez limitu<\/li>\n<li>Subdomeny Bez limitu<\/li>\n<li>Obs\u0142uga php_flag<\/li>\n<li>Wildcard opcja<\/li>\n<li>Obs\u0142uga PHP4, PHP5<\/li>\n<li>W\u0142asny .htaccess<\/li>\n<li>Mod_rewrite<\/li>\n<li>Zend Optimizer<\/li>\n<li>IonCube Loader<\/li>\n<li>Zadania Cron<\/li>\n<li>Katalogi zabezpieczone has\u0142em<\/li>\n<li>W\u0142asne strony b\u0142\u0119d\u00f3w<\/li>\n<li><strong>W\u0142asny adres IP<br \/>\n<\/strong><\/li>\n<li>Mo\u017cliwo\u015b\u0107 uruchamiania CGI, PERL, SSI<\/li>\n<li>Dost\u0119p do log\u00f3w i statystyk<\/li>\n<li>Konta FTP bez limitu<\/li>\n<li><strong>Bazy Mysql 5.0.x 10<br \/>\n<\/strong><\/li>\n<li>Nielimitowana wielko\u015b\u0107 baz danych<\/li>\n<li>Wsparcie dla MySQLi, PDO<\/li>\n<li>Zarz\u0105dzanie dns<\/li>\n<li>Menad\u017cer plik\u00f3w z poziomu panelu<\/li>\n<li>Brak blokady po przekroczeniu transferu<\/li>\n<li>Obs\u0142uga PHP4, PHP5<\/li>\n<li>PhpMyAdmin PL<\/li>\n<\/ul>\n<p>        <\/div>\n                <div class=\"panel-footer\">\n            <a class=\"btn btn-lg btn-pricetable\" href=\"#\">Zamawiam<\/a>\n        <\/div>\n            <\/div>\n  <\/div>\n\n  [\/vc_column][\/vc_row][vc_row css=&#8221;.vc_custom_1442563749799{padding-top: 45px !important;padding-bottom: 80px !important;background-color: #efefef !important;}&#8221;][vc_column width=&#8221;12\/12&#8243;][vc_column_text css=&#8221;.vc_custom_1581949579400{margin-bottom: 70px !important;}&#8221;]<\/p>\n<h2 style=\"text-align: center;\"><strong>PARAMETRY POCZTY E-MAIL<\/strong><\/h2>\n<p>[\/vc_column_text][\/vc_column][vc_column width=&#8221;1\/4&#8243; css=&#8221;.vc_custom_1581948752650{padding-right: 0px !important;padding-left: 0px !important;}&#8221;]\n  <div class=\"pricingtables default\">\n    <div class=\"panel panel-info\">\n        <div class=\"panel-heading\">\n            <h3 class=\"text-center\">VIRS STARTER<\/h3>\n        <\/div>\n        <div class=\"panel-body text-center\">\n            <span>Poczta e-mail<\/span>            <h4><\/h4>\n                    <\/div>\n        <div class=\"text-center\"><p>\n          <\/p>\n<ul>\n<li>Ilo\u015b\u0107 kont pocztowych bez limitu<\/li>\n<li>Aliasy pocztowe bez limitu<\/li>\n<li>Poczta przez WWW (Roundcube, UebiMiau, Squirrelmail, Atmail)<\/li>\n<li>Skaner Antyspamowy<\/li>\n<li>Skaner Antywirusowy<\/li>\n<li>Forwarder &#8211; przekierowania bez limitu<\/li>\n<li>Catch All<\/li>\n<li>Autoresponder (automat odpowiadaj\u0105cy)<\/li>\n<li>Autoryzacja SMTP<\/li>\n<li>SSL dla POP3<\/li>\n<li>SSL dla SMTP<\/li>\n<li>Obs\u0142uga IMAP<\/li>\n<li>W\u0142asne filtry poczty<\/li>\n<\/ul>\n<p>        <\/div>\n                <div class=\"panel-footer\">\n            <a class=\"btn btn-lg btn-pricetable\" href=\"#\">Zamawiam<\/a>\n        <\/div>\n            <\/div>\n  <\/div>\n\n  [\/vc_column][vc_column width=&#8221;1\/4&#8243; css=&#8221;.vc_custom_1581948511238{padding-right: 0px !important;padding-left: 0px !important;}&#8221;]\n  <div class=\"pricingtables default\">\n    <div class=\"panel panel-info most-popular\">\n        <div class=\"panel-heading\">\n            <h3 class=\"text-center\">VIRS MEDIUM<\/h3>\n        <\/div>\n        <div class=\"panel-body text-center\">\n            <span>Poczta e-mail<\/span>            <h4><\/h4>\n                    <\/div>\n        <div class=\"text-center\"><p>\n          <\/p>\n<ul>\n<li>Ilo\u015b\u0107 kont pocztowych bez limitu<\/li>\n<li>Aliasy pocztowe bez limitu<\/li>\n<li>Poczta przez WWW (Roundcube, UebiMiau, Squirrelmail, Atmail)<\/li>\n<li>Skaner Antyspamowy<\/li>\n<li>Skaner Antywirusowy<\/li>\n<li>Forwarder &#8211; przekierowania bez limitu<\/li>\n<li>Catch All<\/li>\n<li>Autoresponder (automat odpowiadaj\u0105cy)<\/li>\n<li>Autoryzacja SMTP<\/li>\n<li>SSL dla POP3<\/li>\n<li>SSL dla SMTP<\/li>\n<li>Obs\u0142uga IMAP<\/li>\n<li>W\u0142asne filtry poczty<\/li>\n<\/ul>\n<p>        <\/div>\n                <div class=\"panel-footer\">\n            <a class=\"btn btn-lg btn-pricetable\" href=\"#\">Zamawiam<\/a>\n        <\/div>\n            <\/div>\n  <\/div>\n\n  [\/vc_column][vc_column width=&#8221;1\/4&#8243; css=&#8221;.vc_custom_1581948516534{padding-right: 0px !important;padding-left: 0px !important;}&#8221;]\n  <div class=\"pricingtables default\">\n    <div class=\"panel panel-info\">\n        <div class=\"panel-heading\">\n            <h3 class=\"text-center\">VIRS MAX<\/h3>\n        <\/div>\n        <div class=\"panel-body text-center\">\n            <span>Poczta e-mail<\/span>            <h4><\/h4>\n                    <\/div>\n        <div class=\"text-center\"><p>\n          <\/p>\n<ul>\n<li>Ilo\u015b\u0107 kont pocztowych bez limitu<\/li>\n<li>Aliasy pocztowe bez limitu<\/li>\n<li>Poczta przez WWW (Roundcube, UebiMiau, Squirrelmail, Atmail)<\/li>\n<li>Skaner Antyspamowy<\/li>\n<li>Skaner Antywirusowy<\/li>\n<li>Forwarder &#8211; przekierowania bez limitu<\/li>\n<li>Catch All<\/li>\n<li>Autoresponder (automat odpowiadaj\u0105cy)<\/li>\n<li>Autoryzacja SMTP<\/li>\n<li>SSL dla POP3<\/li>\n<li>SSL dla SMTP<\/li>\n<li>Obs\u0142uga IMAP<\/li>\n<li>W\u0142asne filtry poczty<\/li>\n<\/ul>\n<p>        <\/div>\n                <div class=\"panel-footer\">\n            <a class=\"btn btn-lg btn-pricetable\" href=\"#\">Zamawiam<\/a>\n        <\/div>\n            <\/div>\n  <\/div>\n\n  [\/vc_column][vc_column width=&#8221;1\/4&#8243; css=&#8221;.vc_custom_1581948524535{padding-right: 0px !important;padding-left: 0px !important;}&#8221;]\n  <div class=\"pricingtables default\">\n    <div class=\"panel panel-info\">\n        <div class=\"panel-heading\">\n            <h3 class=\"text-center\">VIRS PRO<\/h3>\n        <\/div>\n        <div class=\"panel-body text-center\">\n            <span>Poczta e-mail<\/span>            <h4><\/h4>\n                    <\/div>\n        <div class=\"text-center\"><p>\n          <\/p>\n<ul>\n<li>Ilo\u015b\u0107 kont pocztowych bez limitu<\/li>\n<li>Aliasy pocztowe bez limitu<\/li>\n<li>Poczta przez WWW (Roundcube, UebiMiau, Squirrelmail, Atmail)<\/li>\n<li>Skaner Antyspamowy<\/li>\n<li>Skaner Antywirusowy<\/li>\n<li>Forwarder &#8211; przekierowania bez limitu<\/li>\n<li>Catch All<\/li>\n<li>Autoresponder (automat odpowiadaj\u0105cy)<\/li>\n<li>Autoryzacja SMTP<\/li>\n<li>SSL dla POP3<\/li>\n<li>SSL dla SMTP<\/li>\n<li>Obs\u0142uga IMAP<\/li>\n<li>W\u0142asne filtry poczty<\/li>\n<\/ul>\n<p>        <\/div>\n                <div class=\"panel-footer\">\n            <a class=\"btn btn-lg btn-pricetable\" href=\"#\">Zamawiam<\/a>\n        <\/div>\n            <\/div>\n  <\/div>\n\n  [\/vc_column][\/vc_row][vc_row css=&#8221;.vc_custom_1442563749799{padding-top: 45px !important;padding-bottom: 80px !important;background-color: #efefef !important;}&#8221;][vc_column width=&#8221;12\/12&#8243;][vc_column_text css=&#8221;.vc_custom_1581949790345{margin-bottom: 70px !important;}&#8221;]<\/p>\n<h2 style=\"text-align: center;\"><strong>OPCJE ABONAMENTOWE I ZAM\u00d3WIENIA KONT WWW!<\/strong><\/h2>\n<p>[\/vc_column_text][\/vc_column][vc_column width=&#8221;1\/4&#8243; css=&#8221;.vc_custom_1581948752650{padding-right: 0px !important;padding-left: 0px !important;}&#8221;]\n  <div class=\"pricingtables default\">\n    <div class=\"panel panel-info\">\n        <div class=\"panel-heading\">\n            <h3 class=\"text-center\">VIS START<\/h3>\n        <\/div>\n        <div class=\"panel-body text-center\">\n                        <h4>Abonament<\/h4>\n                    <\/div>\n        <div class=\"text-center\"><p>\n          <\/p>\n<ul>\n<li>Abonament miesi\u0119czny brutto 36,90,-<\/li>\n<li>Abonament kwartalny brutto 98,40,-<\/li>\n<li>Abonament p\u00f3\u0142roczny brutto 196,80,-<\/li>\n<li><strong>Abonament roczny brutto 344,40,-<br \/>\n<\/strong><\/li>\n<\/ul>\n<p>        <\/div>\n                <div class=\"panel-footer\">\n            <a class=\"btn btn-lg btn-pricetable\" href=\"#\">Zamawiam<\/a>\n        <\/div>\n            <\/div>\n  <\/div>\n\n  [\/vc_column][vc_column width=&#8221;1\/4&#8243; css=&#8221;.vc_custom_1581948511238{padding-right: 0px !important;padding-left: 0px !important;}&#8221;]\n  <div class=\"pricingtables default\">\n    <div class=\"panel panel-info most-popular\">\n        <div class=\"panel-heading\">\n            <h3 class=\"text-center\">VIRS MEDIUM<\/h3>\n        <\/div>\n        <div class=\"panel-body text-center\">\n                        <h4>Abonament<\/h4>\n                    <\/div>\n        <div class=\"text-center\"><p>\n          <\/p>\n<ul>\n<li>Abonament miesi\u0119czny brutto 73,80,-<\/li>\n<li>Abonament kwartalny brutto 209,10,-<\/li>\n<li>Abonament p\u00f3\u0142roczny brutto 405,90,-<\/li>\n<li><strong>Abonament roczny brutto 774,90,-<br \/>\n<\/strong><\/li>\n<\/ul>\n<p>        <\/div>\n                <div class=\"panel-footer\">\n            <a class=\"btn btn-lg btn-pricetable\" href=\"#\">Zamawiam<\/a>\n        <\/div>\n            <\/div>\n  <\/div>\n\n  [\/vc_column][vc_column width=&#8221;1\/4&#8243; css=&#8221;.vc_custom_1581948516534{padding-right: 0px !important;padding-left: 0px !important;}&#8221;]\n  <div class=\"pricingtables default\">\n    <div class=\"panel panel-info\">\n        <div class=\"panel-heading\">\n            <h3 class=\"text-center\">VIRS MAX<\/h3>\n        <\/div>\n        <div class=\"panel-body text-center\">\n            <span>Abonament<\/span>            <h4><\/h4>\n                    <\/div>\n        <div class=\"text-center\"><p>\n          <\/p>\n<ul>\n<li>Abonament miesi\u0119czny brutto 110,70,-<\/li>\n<li>Abonament kwartalny brutto 307,50,-<\/li>\n<li>Abonament p\u00f3\u0142roczny brutto 602,70,-<\/li>\n<li><strong>Abonament roczny brutto 1168,50,-<br \/>\n<\/strong><\/li>\n<\/ul>\n<p>        <\/div>\n                <div class=\"panel-footer\">\n            <a class=\"btn btn-lg btn-pricetable\" href=\"#\">Zamawiam<\/a>\n        <\/div>\n            <\/div>\n  <\/div>\n\n  [\/vc_column][vc_column width=&#8221;1\/4&#8243; css=&#8221;.vc_custom_1581948529110{padding-right: 0px !important;padding-left: 0px !important;}&#8221;]\n  <div class=\"pricingtables default\">\n    <div class=\"panel panel-info\">\n        <div class=\"panel-heading\">\n            <h3 class=\"text-center\">VIRS PRO<\/h3>\n        <\/div>\n        <div class=\"panel-body text-center\">\n            <span>Abonament<\/span>            <h4><\/h4>\n                    <\/div>\n        <div class=\"text-center\"><p>\n          <\/p>\n<ul>\n<li>Abonament miesi\u0119czny brutto 159,90,-<\/li>\n<li>Abonament kwartalny brutto 430,50,-<\/li>\n<li>Abonament p\u00f3\u0142roczny brutto 811,80,-<\/li>\n<li><strong>Abonament roczny brutto 1537,50,-<br \/>\n<\/strong><\/li>\n<\/ul>\n<p>        <\/div>\n                <div class=\"panel-footer\">\n            <a class=\"btn btn-lg btn-pricetable\" href=\"#\">Zamawiam<\/a>\n        <\/div>\n            <\/div>\n  <\/div>\n\n  [\/vc_column][\/vc_row]<\/p>\n","protected":false},"excerpt":{"rendered":"<p>[vc_row][vc_column][vc_single_image image=&#8221;1001&#8243; img_size=&#8221;full&#8221; alignment=&#8221;center&#8221;][vc_column_text]Szukasz du\u017cego, taniego, a zarazem niezawodnego konta reseller? To dobrze trafi\u0142e\u015b! Dzi\u0119ki takiemu rozwi\u0105zaniu mo\u017cesz tworzy\u0107 w\u0142asne pakiety hostingowe i rozdawa\u0107 je lub tak\u017ce sprzedawa\u0107 swoim klientom na w\u0142asnych warunkach. Teraz mo\u017cesz zaj\u0105\u0107 si\u0119 swoim w\u0142asnym biznesem, a Nam pozostawiasz reszt\u0119. Nie potrzebujesz r\u00f3wnie\u017c du\u017cej wiedzy, aby zarz\u0105dza\u0107 takimi us\u0142ugami i kontem. [&hellip;]<\/p>\n","protected":false},"author":1,"featured_media":0,"parent":0,"menu_order":0,"comment_status":"closed","ping_status":"closed","template":"page-templates\/template-fullwidth.php","meta":[],"acf":[],"_links":{"self":[{"href":"https:\/\/vipower.pl\/new\/wp-json\/wp\/v2\/pages\/952"}],"collection":[{"href":"https:\/\/vipower.pl\/new\/wp-json\/wp\/v2\/pages"}],"about":[{"href":"https:\/\/vipower.pl\/new\/wp-json\/wp\/v2\/types\/page"}],"author":[{"embeddable":true,"href":"https:\/\/vipower.pl\/new\/wp-json\/wp\/v2\/users\/1"}],"replies":[{"embeddable":true,"href":"https:\/\/vipower.pl\/new\/wp-json\/wp\/v2\/comments?post=952"}],"version-history":[{"count":8,"href":"https:\/\/vipower.pl\/new\/wp-json\/wp\/v2\/pages\/952\/revisions"}],"predecessor-version":[{"id":1034,"href":"https:\/\/vipower.pl\/new\/wp-json\/wp\/v2\/pages\/952\/revisions\/1034"}],"wp:attachment":[{"href":"https:\/\/vipower.pl\/new\/wp-json\/wp\/v2\/media?parent=952"}],"curies":[{"name":"wp","href":"https:\/\/api.w.org\/{rel}","templated":true}]}}