{"id":957,"date":"2020-02-17T16:04:14","date_gmt":"2020-02-17T15:04:14","guid":{"rendered":"https:\/\/vipower.pl\/new\/?page_id=957"},"modified":"2021-04-26T15:14:37","modified_gmt":"2021-04-26T13:14:37","slug":"vps-ssd","status":"publish","type":"page","link":"https:\/\/vipower.pl\/new\/vps-ssd\/","title":{"rendered":"VPS SSD"},"content":{"rendered":"<p>[vc_row][vc_column][vc_single_image image=&#8221;1002&#8243; img_size=&#8221;full&#8221; alignment=&#8221;center&#8221;][vc_column_text]<b>Co to jest VPS?<\/b> (<a href=\"http:\/\/pl.wikipedia.org\/wiki\/Virtual_Private_Server\" target=\"_blank\" rel=\"nofollow noopener noreferrer\">\u017ar\u00f3d\u0142o<\/a>)<br \/>\n<b>Virtual Private Server<\/b> &#8211; Jest to podzia\u0142 maszyny, jak\u0105 jest serwer, na kilka mniejszych, wirtualnych. VPS umo\u017cliwia pe\u0142ny dost\u0119p do konta root. Do zarz\u0105dzania VPS-ami najcz\u0119\u015bciej wykorzystuje si\u0119 oprogramowanie Xen, VMware, FreeVPS, Virtuozzo, OpenVZ.\u201d<\/p>\n<p>Serwer VPS to doskona\u0142a r\u00f3wnowaga pomi\u0119dzy hostingiem www, a serwerem dedykowanym. Zwirtualizowany serwer dedykowany jest odpowiedzi\u0105 na potrzeby wymagaj\u0105cych klient\u00f3w, kt\u00f3rych spotkaj\u0105 ograniczenia w zakresie kont www. Ka\u017cdy u\u017cytkownik serwera VPS posiada dost\u0119p do konta root (administratora), ma mo\u017cliwo\u015b\u0107 zainstalowania w\u0142asnego systemu operacyjnego i oprogramowania oraz posiada dost\u0119p do plik\u00f3w konfiguracyjnych. Taka funkcjonalno\u015b\u0107 praktycznie pozwala na nieograniczon\u0105 mo\u017cliwo\u015b\u0107 dopasowania konfiguracji serwera do konkretnych potrzeb klienta. Do wirtualizacji serwer\u00f3w VPS u\u017cywamy stabilnego i niezawodnego oprogramowania OpenVZ oraz XEN, kt\u00f3re zapewnia wysoki poziom bezpiecze\u0144stwa, a jednocze\u015bnie gwarantuje prawid\u0142ow\u0105 separacj\u0119 wirtualnych maszyn. Do zarz\u0105dzania serwerem u\u017cywamy natomiast oprogramowania SolusVM w polskiej wersji j\u0119zykowej, umo\u017cliwiaj\u0105ce bezproblemow\u0105 reinstalacj\u0119 systemu, jego ponowne uruchomienie, restart, wy\u0142\u0105czenie i inne, podobne dzia\u0142ania.<\/p>\n<p><b>Serwery VPS w ViPower.pl stosuj\u0105 technologi\u0119: OpenVZ, Xen i KVM + SolusVM w wirtualizacji OpenVZ jako panel reinstall\/reboot w polskiej wersji j\u0119zykowej!<\/b><\/p>\n<p>Wszystkie <strong>serwery VPS OpenVZ SSD <\/strong> s\u0105 tworzone na bazie markowych maszyn <strong>HP i DELL wyposa\u017conych w macierze RAID 10, 50, 60<\/strong> (w zale\u017cno\u015bci od serwera g\u0142\u00f3wnego) z super szybkimi i stabilnymi dyskami<strong> INTEL SSD 530, <\/strong> a umieszczone s\u0105 w Polskim DC-Gda\u0144sk. Standardowo serwery VPS uruchamiamy w Polskiej serwerowni na w\u0142asnym sprz\u0119cie serwerowym.<br \/>\n<strong>Testowy adres IP: 185.17.41.22<\/strong>[\/vc_column_text][\/vc_column][\/vc_row][vc_row css=&#8221;.vc_custom_1442563749799{padding-top: 45px !important;padding-bottom: 80px !important;background-color: #efefef !important;}&#8221;][vc_column width=&#8221;12\/12&#8243;][vc_column_text css=&#8221;.vc_custom_1581947109350{margin-bottom: 70px !important;}&#8221;]<\/p>\n<h2 style=\"text-align: center;\">OFERTA<\/h2>\n<p>[\/vc_column_text][\/vc_column][vc_column width=&#8221;1\/4&#8243; css=&#8221;.vc_custom_1581950420591{padding-right: 0px !important;padding-left: 0px !important;}&#8221;]\n  <div class=\"pricingtables default\">\n    <div class=\"panel panel-info\">\n        <div class=\"panel-heading\">\n            <h3 class=\"text-center\">SSD VPS 1<\/h3>\n        <\/div>\n        <div class=\"panel-body text-center\">\n            <span>brutto<\/span>            <h4>19z\u0142<\/h4>\n            <span class=\"per\">\/miesi\u0105c<\/span>        <\/div>\n        <div class=\"text-center\"><p>\n          <\/p>\n<ul>\n<li>Pojemno\u015b\u0107 dyskowa <strong>20GB SSD<br \/>\n<\/strong><\/li>\n<li><strong>SERWEROWE DYSKI SSD<\/strong><\/li>\n<li><strong>Bez limitu transferu<br \/>\n<\/strong><\/li>\n<li>CPU: 1 vCPU<\/li>\n<li>Pami\u0119\u0107 RAM: 1 GB<\/li>\n<li>VSWAP: 512MB<\/li>\n<li><strong>Adresy IP 1<br \/>\n<\/strong><\/li>\n<li>Zdalny restart<\/li>\n<li>Panel zarz\u0105dzania VPS<\/li>\n<li><strong>Lokalizacja Polska\/Gda\u0144sk<br \/>\n<\/strong><\/li>\n<li>Gwarancja uptime 99,8%<\/li>\n<li>Przepustowo\u015b\u0107 portu 100\/100 Mbit<\/li>\n<li><strong>Wirtualizacja OpenVZ<br \/>\n<\/strong><\/li>\n<li>Konto root<\/li>\n<li>Zmiana opcji (upgrade)<\/li>\n<li>Backup lokalny<\/li>\n<\/ul>\n<p>        <\/div>\n                <div class=\"panel-footer\">\n            <a class=\"btn btn-lg btn-pricetable\" href=\"#\">Zamawiam<\/a>\n        <\/div>\n            <\/div>\n  <\/div>\n\n  [\/vc_column][vc_column width=&#8221;1\/4&#8243; css=&#8221;.vc_custom_1581948511238{padding-right: 0px !important;padding-left: 0px !important;}&#8221;]\n  <div class=\"pricingtables default\">\n    <div class=\"panel panel-info most-popular\">\n        <div class=\"panel-heading\">\n            <h3 class=\"text-center\">SSD VPS 2<\/h3>\n        <\/div>\n        <div class=\"panel-body text-center\">\n            <span>brutto<\/span>            <h4>29<\/h4>\n            <span class=\"per\">\/miesi\u0105c<\/span>        <\/div>\n        <div class=\"text-center\"><p>\n          <\/p>\n<ul>\n<li>Pojemno\u015b\u0107 dyskowa <strong>30GB SSD<br \/>\n<\/strong><\/li>\n<li><strong>SERWEROWE DYSKI SSD<\/strong><\/li>\n<li><strong>Bez limitu transferu<br \/>\n<\/strong><\/li>\n<li>CPU: 1 vCPU<\/li>\n<li>Pami\u0119\u0107 RAM: 2 GB<\/li>\n<li>VSWAP: 512MB<\/li>\n<li><strong>Adresy IP 1<br \/>\n<\/strong><\/li>\n<li>Zdalny restart<\/li>\n<li>Panel zarz\u0105dzania VPS<\/li>\n<li><strong>Lokalizacja Polska\/Gda\u0144sk<br \/>\n<\/strong><\/li>\n<li>Gwarancja uptime 99,8%<\/li>\n<li>Przepustowo\u015b\u0107 portu 100\/100 Mbit<\/li>\n<li><strong>Wirtualizacja OpenVZ<br \/>\n<\/strong><\/li>\n<li>Konto root<\/li>\n<li>Zmiana opcji (upgrade)<\/li>\n<li>Backup lokalny<\/li>\n<\/ul>\n<p>        <\/div>\n                <div class=\"panel-footer\">\n            <a class=\"btn btn-lg btn-pricetable\" href=\"#\">Zamawiam<\/a>\n        <\/div>\n            <\/div>\n  <\/div>\n\n  [\/vc_column][vc_column width=&#8221;1\/4&#8243; css=&#8221;.vc_custom_1581948516534{padding-right: 0px !important;padding-left: 0px !important;}&#8221;]\n  <div class=\"pricingtables default\">\n    <div class=\"panel panel-info\">\n        <div class=\"panel-heading\">\n            <h3 class=\"text-center\">SSD VPS 3<\/h3>\n        <\/div>\n        <div class=\"panel-body text-center\">\n            <span>Ju\u017c od<\/span>            <h4>86,10z\u0142<\/h4>\n            <span class=\"per\">miesi\u0105c<\/span>        <\/div>\n        <div class=\"text-center\"><p>\n          <\/p>\n<ul>\n<li>Pojemno\u015b\u0107 dyskowa <strong>40GB<\/strong><\/li>\n<li>Transfer miesi\u0119czny <strong>4000GB<\/strong><\/li>\n<li>Zegar procesora ~ 6 GHz<\/li>\n<li>Pami\u0119\u0107 gwarantowana 4 GB<\/li>\n<li>VSWAP 2 GB<\/li>\n<li><strong>Adresy IP 1<br \/>\n<\/strong><\/li>\n<li>Zdalny restart<\/li>\n<li>Panel SolusVM<\/li>\n<li><strong>Lokalizacja Polska\/Gda\u0144sk<br \/>\n<\/strong><\/li>\n<li>Gwarancja uptime 99,8%<\/li>\n<li>Przepustowo\u015b\u0107 portu 100 Mbit<\/li>\n<li><strong>Wirtualizacja OpenVZ<br \/>\n<\/strong><\/li>\n<li>Konto root<\/li>\n<li>Serwery gier \/ g\u0142osowe<\/li>\n<li>Zmiana opcji (upgrade)<\/li>\n<li>Backup lokalny<\/li>\n<\/ul>\n<p>        <\/div>\n                <div class=\"panel-footer\">\n            <a class=\"btn btn-lg btn-pricetable\" href=\"#\">Zamawiam<\/a>\n        <\/div>\n            <\/div>\n  <\/div>\n\n  [\/vc_column][vc_column width=&#8221;1\/4&#8243; css=&#8221;.vc_custom_1581948524535{padding-right: 0px !important;padding-left: 0px !important;}&#8221;]\n  <div class=\"pricingtables default\">\n    <div class=\"panel panel-info\">\n        <div class=\"panel-heading\">\n            <h3 class=\"text-center\">SSD VPS 4<\/h3>\n        <\/div>\n        <div class=\"panel-body text-center\">\n            <span>Ju\u017c od<\/span>            <h4>120z\u0142<\/h4>\n            <span class=\"per\">miesi\u0105c<\/span>        <\/div>\n        <div class=\"text-center\"><p>\n          <\/p>\n<ul>\n<li>Pojemno\u015b\u0107 dyskowa <strong>40GB<\/strong><\/li>\n<li>Transfer miesi\u0119czny <strong>4000GB<\/strong><\/li>\n<li>Zegar procesora ~ 6 GHz<\/li>\n<li>Pami\u0119\u0107 gwarantowana 4 GB<\/li>\n<li>VSWAP 2 GB<\/li>\n<li><strong>Adresy IP 1<br \/>\n<\/strong><\/li>\n<li>Zdalny restart<\/li>\n<li>Panel SolusVM<\/li>\n<li><strong>Lokalizacja Polska\/Gda\u0144sk<br \/>\n<\/strong><\/li>\n<li>Gwarancja uptime 99,8%<\/li>\n<li>Przepustowo\u015b\u0107 portu 100 Mbit<\/li>\n<li><strong>Wirtualizacja OpenVZ<br \/>\n<\/strong><\/li>\n<li>Konto root<\/li>\n<li>Serwery gier \/ g\u0142osowe<\/li>\n<li>Zmiana opcji (upgrade)<\/li>\n<li>Backup lokalny<\/li>\n<\/ul>\n<p>        <\/div>\n                <div class=\"panel-footer\">\n            <a class=\"btn btn-lg btn-pricetable\" href=\"#\">Zamawiam<\/a>\n        <\/div>\n            <\/div>\n  <\/div>\n\n  [\/vc_column][\/vc_row][vc_row css=&#8221;.vc_custom_1442563749799{padding-top: 45px !important;padding-bottom: 80px !important;background-color: #efefef !important;}&#8221;][vc_column width=&#8221;12\/12&#8243;][vc_column_text css=&#8221;.vc_custom_1581951341273{margin-bottom: 70px !important;}&#8221;]<\/p>\n<h2 style=\"text-align: center;\"><strong>OPCJE ABONAMENTOWE I ZAM\u00d3WIENIA SERWER\u00d3W VPS!<\/strong><\/h2>\n<p>[\/vc_column_text][\/vc_column][vc_column width=&#8221;1\/4&#8243; css=&#8221;.vc_custom_1581948752650{padding-right: 0px !important;padding-left: 0px !important;}&#8221;]\n  <div class=\"pricingtables default\">\n    <div class=\"panel panel-info\">\n        <div class=\"panel-heading\">\n            <h3 class=\"text-center\">SSD VPS 1<\/h3>\n        <\/div>\n        <div class=\"panel-body text-center\">\n            <span>Abonament<\/span>            <h4><\/h4>\n                    <\/div>\n        <div class=\"text-center\"><p>\n          <\/p>\n<ul>\n<li>Abonament miesi\u0119czny brutto 19,-<\/li>\n<li>Abonament kwartalny brutto ,-<\/li>\n<li>Abonament p\u00f3\u0142roczny brutto ,-<\/li>\n<li><strong>Abonament roczny brutto 200,-<br \/>\n<\/strong><\/li>\n<\/ul>\n<p>        <\/div>\n                <div class=\"panel-footer\">\n            <a class=\"btn btn-lg btn-pricetable\" href=\"#\">Zamawiam<\/a>\n        <\/div>\n            <\/div>\n  <\/div>\n\n  [\/vc_column][vc_column width=&#8221;1\/4&#8243; css=&#8221;.vc_custom_1581948511238{padding-right: 0px !important;padding-left: 0px !important;}&#8221;]\n  <div class=\"pricingtables default\">\n    <div class=\"panel panel-info most-popular\">\n        <div class=\"panel-heading\">\n            <h3 class=\"text-center\">SSD VPS 2<\/h3>\n        <\/div>\n        <div class=\"panel-body text-center\">\n            <span>Abonament<\/span>            <h4><\/h4>\n                    <\/div>\n        <div class=\"text-center\"><p>\n          <\/p>\n<ul>\n<li>Abonament miesi\u0119czny brutto 29,-<\/li>\n<li>Abonament kwartalny brutto ,-<\/li>\n<li>Abonament p\u00f3\u0142roczny brutto ,-<\/li>\n<li><strong>Abonament roczny brutto 290,-<br \/>\n<\/strong><\/li>\n<\/ul>\n<p>        <\/div>\n                <div class=\"panel-footer\">\n            <a class=\"btn btn-lg btn-pricetable\" href=\"#\">Zamawiam<\/a>\n        <\/div>\n            <\/div>\n  <\/div>\n\n  [\/vc_column][vc_column width=&#8221;1\/4&#8243; css=&#8221;.vc_custom_1581948516534{padding-right: 0px !important;padding-left: 0px !important;}&#8221;]\n  <div class=\"pricingtables default\">\n    <div class=\"panel panel-info\">\n        <div class=\"panel-heading\">\n            <h3 class=\"text-center\">SSD VPS 3<\/h3>\n        <\/div>\n        <div class=\"panel-body text-center\">\n            <span>Abonament<\/span>            <h4><\/h4>\n                    <\/div>\n        <div class=\"text-center\"><p>\n          <\/p>\n<ul>\n<li>Abonament miesi\u0119czny brutto 86,10,-<\/li>\n<li>Abonament kwartalny brutto 246,-<\/li>\n<li>Abonament p\u00f3\u0142roczny brutto 479,70,-<\/li>\n<li><strong>Abonament roczny brutto 922,50,-<br \/>\n<\/strong><\/li>\n<\/ul>\n<p>        <\/div>\n                <div class=\"panel-footer\">\n            <a class=\"btn btn-lg btn-pricetable\" href=\"#\">Zamawiam<\/a>\n        <\/div>\n            <\/div>\n  <\/div>\n\n  [\/vc_column][vc_column width=&#8221;1\/4&#8243; css=&#8221;.vc_custom_1581948529110{padding-right: 0px !important;padding-left: 0px !important;}&#8221;]\n  <div class=\"pricingtables default\">\n    <div class=\"panel panel-info\">\n        <div class=\"panel-heading\">\n            <h3 class=\"text-center\">SSD VPS 4<\/h3>\n        <\/div>\n        <div class=\"panel-body text-center\">\n            <span>Abonament<\/span>            <h4><\/h4>\n                    <\/div>\n        <div class=\"text-center\"><p>\n          <\/p>\n<ul>\n<li>Abonament miesi\u0119czny brutto 123,-<\/li>\n<li>Abonament kwartalny brutto 356,70,-<\/li>\n<li>Abonament p\u00f3\u0142roczny brutto 688,80,-<\/li>\n<li><strong>Abonament roczny brutto 1291,50,-<br \/>\n<\/strong><\/li>\n<\/ul>\n<p>        <\/div>\n                <div class=\"panel-footer\">\n            <a class=\"btn btn-lg btn-pricetable\" href=\"#\">Zamawiam<\/a>\n        <\/div>\n            <\/div>\n  <\/div>\n\n  [\/vc_column][vc_column width=&#8221;12\/12&#8243;][vc_empty_space height=&#8221;60px&#8221;][vc_column_text]<b>Tylko u Nas w panelu SolusVM szablony systemu Linux z darmowymi panelami hostingowymi, aby jeszcze \u0142atwiej zarz\u0105dza\u0107 serwerem VPS:<br \/>\n<\/b><a href=\"http:\/\/www.ispconfig.org\/ispconfig-3\/\" target=\"_blank\" rel=\"noopener \u201dnofollow\u201d noreferrer\">&#8211; ISPConfig 3 PL z wyborem serwera Apache2 lub Nginx<\/a><br \/>\n<a href=\"https:\/\/github.com\/flol\/SysCP\" target=\"_blank\" rel=\"noopener \u201dnofollow\u201d noreferrer\">&#8211; SysCP<\/a><br \/>\n<a href=\"http:\/\/www.zpanelcp.com\/\" target=\"_blank\" rel=\"noopener \u201dnofollow\u201d noreferrer\">&#8211; zPanel<\/a><br \/>\nPosiadamy r\u00f3wnie\u017c gotowe paczki szablon\u00f3w system\u00f3w z \u015brodowiskami graficznymi takimi jak: KDE oraz GNOME z zainstalowanymi serwerami VNC lub NX.<\/p>\n<p><b>Przydatne linki dotycz\u0105ce serwer\u00f3w VPS w ViPower.pl:<\/b><br \/>\n<a href=\"https:\/\/vipower.pl\/panel-solusvm-opis\">&#8211; Opis mo\u017cliwo\u015bci Panelu SolusVM<\/a><br \/>\n<a href=\"https:\/\/vipower.pl\/Dostepne-systemy\">&#8211; Dost\u0119pne systemy dla serwer\u00f3w VPS <\/a>[\/vc_column_text][\/vc_column][\/vc_row]<\/p>\n","protected":false},"excerpt":{"rendered":"<p>[vc_row][vc_column][vc_single_image image=&#8221;1002&#8243; img_size=&#8221;full&#8221; alignment=&#8221;center&#8221;][vc_column_text]Co to jest VPS? (\u017ar\u00f3d\u0142o) Virtual Private Server &#8211; Jest to podzia\u0142 maszyny, jak\u0105 jest serwer, na kilka mniejszych, wirtualnych. VPS umo\u017cliwia pe\u0142ny dost\u0119p do konta root. Do zarz\u0105dzania VPS-ami najcz\u0119\u015bciej wykorzystuje si\u0119 oprogramowanie Xen, VMware, FreeVPS, Virtuozzo, OpenVZ.\u201d Serwer VPS to doskona\u0142a r\u00f3wnowaga pomi\u0119dzy hostingiem www, a serwerem dedykowanym. Zwirtualizowany serwer [&hellip;]<\/p>\n","protected":false},"author":1,"featured_media":0,"parent":0,"menu_order":0,"comment_status":"closed","ping_status":"closed","template":"page-templates\/template-fullwidth.php","meta":[],"acf":[],"_links":{"self":[{"href":"https:\/\/vipower.pl\/new\/wp-json\/wp\/v2\/pages\/957"}],"collection":[{"href":"https:\/\/vipower.pl\/new\/wp-json\/wp\/v2\/pages"}],"about":[{"href":"https:\/\/vipower.pl\/new\/wp-json\/wp\/v2\/types\/page"}],"author":[{"embeddable":true,"href":"https:\/\/vipower.pl\/new\/wp-json\/wp\/v2\/users\/1"}],"replies":[{"embeddable":true,"href":"https:\/\/vipower.pl\/new\/wp-json\/wp\/v2\/comments?post=957"}],"version-history":[{"count":13,"href":"https:\/\/vipower.pl\/new\/wp-json\/wp\/v2\/pages\/957\/revisions"}],"predecessor-version":[{"id":1054,"href":"https:\/\/vipower.pl\/new\/wp-json\/wp\/v2\/pages\/957\/revisions\/1054"}],"wp:attachment":[{"href":"https:\/\/vipower.pl\/new\/wp-json\/wp\/v2\/media?parent=957"}],"curies":[{"name":"wp","href":"https:\/\/api.w.org\/{rel}","templated":true}]}}