{"id":963,"date":"2020-02-18T07:34:06","date_gmt":"2020-02-18T06:34:06","guid":{"rendered":"https:\/\/vipower.pl\/new\/?page_id=963"},"modified":"2020-03-02T12:42:56","modified_gmt":"2020-03-02T11:42:56","slug":"vps-kvm","status":"publish","type":"page","link":"https:\/\/vipower.pl\/new\/vps-kvm\/","title":{"rendered":"VPS KVM"},"content":{"rendered":"<p>[vc_row][vc_column][vc_single_image image=&#8221;999&#8243; img_size=&#8221;full&#8221; alignment=&#8221;center&#8221;][vc_column_text]<b>Co to jest VPS?<\/b> (<a href=\"http:\/\/pl.wikipedia.org\/wiki\/Virtual_Private_Server\" target=\"_blank\" rel=\"nofollow noopener noreferrer\">\u017ar\u00f3d\u0142o<\/a>)<br \/>\n<b>Virtual Private Server<\/b> &#8211; Jest to podzia\u0142 maszyny, jak\u0105 jest serwer, na kilka mniejszych, wirtualnych. VPS umo\u017cliwia pe\u0142ny dost\u0119p do konta root. Do zarz\u0105dzania VPS-ami najcz\u0119\u015bciej wykorzystuje si\u0119 oprogramowanie Xen, KVM, VMware, FreeVPS, Virtuozzo, OpenVZ.\u201d<\/p>\n<p>Serwery oparte na technologii KVM oferuj\u0105 pe\u0142n\u0105 wirtualizacj\u0119 i s\u0105 skierowane do zaawansowanych u\u017cytkownik\u00f3w oczekuj\u0105cych wi\u0119kszych mo\u017cliwo\u015bci np: instalacja w\u0142asnego systemu z obrazu .iso za pomoc\u0105 VNC takich jak: Linux, FreeBSD, OpenBSD, Windows Server. Pe\u0142na swoboda w konfiguracji swojego serwera, dost\u0119p do pami\u0119ci SWAP, tworzenie partycji czy te\u017c instalacja w\u0142asnego j\u0105dra systemu w skr\u00f3cie opisuj\u0105 mo\u017cliwo\u015bci naszej oferty.<\/p>\n<p><b>Serwery VPS KVM w ViPower.pl stosuj\u0105 technologi\u0119: KVM jako pe\u0142na wirtrualizacja + SolusVM jako panel reinstall\/reboot w polskiej wersji j\u0119zykowej!<\/b><\/p>\n<p>Wszystkie <strong>serwery VPS XEN <\/strong> s\u0105 tworzone na bazie markowych maszyn <strong>HP i DELL wyposa\u017conych w macierze RAID 10, 50, 60<\/strong> (w zale\u017cno\u015bci od serwera g\u0142\u00f3wnego)<strong>, <\/strong> a umieszczone s\u0105 w Polskim DC-Gda\u0144sk. Standardowo serwery VPS uruchamiamy w Polskiej serwerowni na w\u0142asnym sprz\u0119cie serwerowym.<br \/>\n<strong>Testowy adres IP: 185.17.41.22<\/strong>[\/vc_column_text][\/vc_column][\/vc_row][vc_row css=&#8221;.vc_custom_1442563749799{padding-top: 45px !important;padding-bottom: 80px !important;background-color: #efefef !important;}&#8221;][vc_column width=&#8221;12\/12&#8243;][vc_column_text css=&#8221;.vc_custom_1581947109350{margin-bottom: 70px !important;}&#8221;]<\/p>\n<h2 style=\"text-align: center;\">OFERTA<\/h2>\n<p>[\/vc_column_text][\/vc_column][vc_column width=&#8221;1\/4&#8243; css=&#8221;.vc_custom_1581950420591{padding-right: 0px !important;padding-left: 0px !important;}&#8221;]\n  <div class=\"pricingtables default\">\n    <div class=\"panel panel-info\">\n        <div class=\"panel-heading\">\n            <h3 class=\"text-center\">KVM 1<\/h3>\n        <\/div>\n        <div class=\"panel-body text-center\">\n            <span>Ju\u017c od<\/span>            <h4>49,20z\u0142<\/h4>\n            <span class=\"per\">miesi\u0105c<\/span>        <\/div>\n        <div class=\"text-center\"><p>\n          <\/p>\n<ul>\n<li>Pojemno\u015b\u0107 dyskowa <strong>100GB<\/strong><\/li>\n<li>Transfer miesi\u0119czny <strong>1000GB<\/strong><\/li>\n<li>Zegar procesora 1x 2.26 GHz<\/li>\n<li>Gwarantowany RAM 2 GB<\/li>\n<li>Pami\u0119\u0107 SWAP SWAP wg uznania<\/li>\n<li><strong>Adresy IP 1<br \/>\n<\/strong><\/li>\n<li>Zdalny restart<\/li>\n<li>Panel SolusVM<\/li>\n<li><strong>Lokalizacja Polska\/Gda\u0144sk<br \/>\n<\/strong><\/li>\n<li>Gwarancja uptime 99,8%<\/li>\n<li>Przepustowo\u015b\u0107 portu 100 Mbit<\/li>\n<li><strong>Wirtualizacja KVM<br \/>\n<\/strong><\/li>\n<li>Konto root<\/li>\n<li>Zmiana opcji (upgrade)<\/li>\n<\/ul>\n<p>        <\/div>\n                <div class=\"panel-footer\">\n            <a class=\"btn btn-lg btn-pricetable\" href=\"#\">Zamawiam<\/a>\n        <\/div>\n            <\/div>\n  <\/div>\n\n  [\/vc_column][vc_column width=&#8221;1\/4&#8243; css=&#8221;.vc_custom_1581948511238{padding-right: 0px !important;padding-left: 0px !important;}&#8221;]\n  <div class=\"pricingtables default\">\n    <div class=\"panel panel-info most-popular\">\n        <div class=\"panel-heading\">\n            <h3 class=\"text-center\">KVM 2<\/h3>\n        <\/div>\n        <div class=\"panel-body text-center\">\n            <span>Ju\u017c od<\/span>            <h4>86,10z\u0142<\/h4>\n            <span class=\"per\">miesi\u0105c<\/span>        <\/div>\n        <div class=\"text-center\"><p>\n          <\/p>\n<ul>\n<li>Pojemno\u015b\u0107 dyskowa <strong>150GB<\/strong><\/li>\n<li>Transfer miesi\u0119czny <strong>2000GB<\/strong><\/li>\n<li>Zegar procesora 1x 2.26 GHz<\/li>\n<li>Gwarantowany RAM 4 GB<\/li>\n<li>Pami\u0119\u0107 SWAP SWAP wg uznania<\/li>\n<li><strong>Adresy IP 1<br \/>\n<\/strong><\/li>\n<li>Zdalny restart<\/li>\n<li>Panel SolusVM<\/li>\n<li><strong>Lokalizacja Polska\/Gda\u0144sk<br \/>\n<\/strong><\/li>\n<li>Gwarancja uptime 99,8%<\/li>\n<li>Przepustowo\u015b\u0107 portu 100 Mbit<\/li>\n<li><strong>Wirtualizacja KVM<br \/>\n<\/strong><\/li>\n<li>Konto root<\/li>\n<li>Zmiana opcji (upgrade)<\/li>\n<\/ul>\n<p>        <\/div>\n                <div class=\"panel-footer\">\n            <a class=\"btn btn-lg btn-pricetable\" href=\"#\">Zamawiam<\/a>\n        <\/div>\n            <\/div>\n  <\/div>\n\n  [\/vc_column][vc_column width=&#8221;1\/4&#8243; css=&#8221;.vc_custom_1581948516534{padding-right: 0px !important;padding-left: 0px !important;}&#8221;]\n  <div class=\"pricingtables default\">\n    <div class=\"panel panel-info\">\n        <div class=\"panel-heading\">\n            <h3 class=\"text-center\">KVM 3<\/h3>\n        <\/div>\n        <div class=\"panel-body text-center\">\n            <span>Ju\u017c od<\/span>            <h4>147,60z\u0142<\/h4>\n            <span class=\"per\">miesi\u0105c<\/span>        <\/div>\n        <div class=\"text-center\"><p>\n          <\/p>\n<ul>\n<li>Pojemno\u015b\u0107 dyskowa 2<strong>50GB<\/strong><\/li>\n<li>Transfer miesi\u0119czny <strong>5000GB<\/strong><\/li>\n<li>Zegar procesora 2x 2.26 GHz<\/li>\n<li>Gwarantowany RAM 8 GB<\/li>\n<li>Pami\u0119\u0107 SWAP SWAP wg uznania<\/li>\n<li><strong>Adresy IP 1<br \/>\n<\/strong><\/li>\n<li>Zdalny restart<\/li>\n<li>Panel SolusVM<\/li>\n<li><strong>Lokalizacja Polska\/Gda\u0144sk<br \/>\n<\/strong><\/li>\n<li>Gwarancja uptime 99,8%<\/li>\n<li>Przepustowo\u015b\u0107 portu 100 Mbit<\/li>\n<li><strong>Wirtualizacja KVM<br \/>\n<\/strong><\/li>\n<li>Konto root<\/li>\n<li>Zmiana opcji (upgrade)<\/li>\n<\/ul>\n<p>        <\/div>\n                <div class=\"panel-footer\">\n            <a class=\"btn btn-lg btn-pricetable\" href=\"#\">Zamawiam<\/a>\n        <\/div>\n            <\/div>\n  <\/div>\n\n  [\/vc_column][vc_column width=&#8221;1\/4&#8243; css=&#8221;.vc_custom_1581948524535{padding-right: 0px !important;padding-left: 0px !important;}&#8221;]\n  <div class=\"pricingtables default\">\n    <div class=\"panel panel-info\">\n        <div class=\"panel-heading\">\n            <h3 class=\"text-center\">KVM 4<\/h3>\n        <\/div>\n        <div class=\"panel-body text-center\">\n            <span>Ju\u017c od<\/span>            <h4>244,77z\u0142<\/h4>\n            <span class=\"per\">miesi\u0105c<\/span>        <\/div>\n        <div class=\"text-center\"><p>\n          <\/p>\n<ul>\n<li>Pojemno\u015b\u0107 dyskowa <strong>500GB<\/strong><\/li>\n<li>Transfer miesi\u0119czny <strong>Bez limitu<br \/>\n<\/strong><\/li>\n<li>Zegar procesora 4x 2.26 GHz<\/li>\n<li>Gwarantowany RAM 12 GB<\/li>\n<li>Pami\u0119\u0107 SWAP SWAP wg uznania<\/li>\n<li><strong>Adresy IP 2<br \/>\n<\/strong><\/li>\n<li>Zdalny restart<\/li>\n<li>Panel SolusVM<\/li>\n<li><strong>Lokalizacja Polska\/Gda\u0144sk<br \/>\n<\/strong><\/li>\n<li>Gwarancja uptime 99,8%<\/li>\n<li>Przepustowo\u015b\u0107 portu 100 Mbit<\/li>\n<li><strong>Wirtualizacja KVM<br \/>\n<\/strong><\/li>\n<li>Konto root<\/li>\n<li>Zmiana opcji (upgrade)<\/li>\n<\/ul>\n<p>        <\/div>\n                <div class=\"panel-footer\">\n            <a class=\"btn btn-lg btn-pricetable\" href=\"#\">Zamawiam<\/a>\n        <\/div>\n            <\/div>\n  <\/div>\n\n  [\/vc_column][\/vc_row][vc_row css=&#8221;.vc_custom_1442563749799{padding-top: 45px !important;padding-bottom: 80px !important;background-color: #efefef !important;}&#8221;][vc_column width=&#8221;12\/12&#8243;][vc_column_text css=&#8221;.vc_custom_1581951341273{margin-bottom: 70px !important;}&#8221;]<\/p>\n<h2 style=\"text-align: center;\"><strong>OPCJE ABONAMENTOWE I ZAM\u00d3WIENIA SERWER\u00d3W VPS!<\/strong><\/h2>\n<p>[\/vc_column_text][\/vc_column][vc_column width=&#8221;1\/4&#8243; css=&#8221;.vc_custom_1581948752650{padding-right: 0px !important;padding-left: 0px !important;}&#8221;]\n  <div class=\"pricingtables default\">\n    <div class=\"panel panel-info\">\n        <div class=\"panel-heading\">\n            <h3 class=\"text-center\">KVM 1<\/h3>\n        <\/div>\n        <div class=\"panel-body text-center\">\n            <span>Abonament<\/span>            <h4><\/h4>\n                    <\/div>\n        <div class=\"text-center\"><p>\n          <\/p>\n<ul>\n<li>Abonament miesi\u0119czny brutto 49,20,-<\/li>\n<li>Abonament kwartalny brutto 146,37,-<\/li>\n<li>Abonament p\u00f3\u0142roczny brutto 276,75,-<\/li>\n<li><strong>Abonament roczny brutto 516,60,-<br \/>\n<\/strong><\/li>\n<\/ul>\n<p>        <\/div>\n                <div class=\"panel-footer\">\n            <a class=\"btn btn-lg btn-pricetable\" href=\"#\">Zamawiam<\/a>\n        <\/div>\n            <\/div>\n  <\/div>\n\n  [\/vc_column][vc_column width=&#8221;1\/4&#8243; css=&#8221;.vc_custom_1581948511238{padding-right: 0px !important;padding-left: 0px !important;}&#8221;]\n  <div class=\"pricingtables default\">\n    <div class=\"panel panel-info most-popular\">\n        <div class=\"panel-heading\">\n            <h3 class=\"text-center\">KVM 2<\/h3>\n        <\/div>\n        <div class=\"panel-body text-center\">\n            <span>Abonament<\/span>            <h4><\/h4>\n                    <\/div>\n        <div class=\"text-center\"><p>\n          <\/p>\n<ul>\n<li>Abonament miesi\u0119czny brutto 86,10,-<\/li>\n<li>Abonament kwartalny brutto 246,-<\/li>\n<li>Abonament p\u00f3\u0142roczny brutto 479,70,-<\/li>\n<li><strong>Abonament roczny brutto 922,50,-<br \/>\n<\/strong><\/li>\n<\/ul>\n<p>        <\/div>\n                <div class=\"panel-footer\">\n            <a class=\"btn btn-lg btn-pricetable\" href=\"#\">Zamawiam<\/a>\n        <\/div>\n            <\/div>\n  <\/div>\n\n  [\/vc_column][vc_column width=&#8221;1\/4&#8243; css=&#8221;.vc_custom_1581948516534{padding-right: 0px !important;padding-left: 0px !important;}&#8221;]\n  <div class=\"pricingtables default\">\n    <div class=\"panel panel-info\">\n        <div class=\"panel-heading\">\n            <h3 class=\"text-center\">KVM 3<\/h3>\n        <\/div>\n        <div class=\"panel-body text-center\">\n            <span>Abonament<\/span>            <h4><\/h4>\n                    <\/div>\n        <div class=\"text-center\"><p>\n          <\/p>\n<ul>\n<li>Abonament miesi\u0119czny brutto 147,60,-<\/li>\n<li>Abonament kwartalny brutto 430,50,-<\/li>\n<li>Abonament p\u00f3\u0142roczny brutto 836,40,-<\/li>\n<li><strong>Abonament roczny brutto 1537,50,-<br \/>\n<\/strong><\/li>\n<\/ul>\n<p>        <\/div>\n                <div class=\"panel-footer\">\n            <a class=\"btn btn-lg btn-pricetable\" href=\"#\">Zamawiam<\/a>\n        <\/div>\n            <\/div>\n  <\/div>\n\n  [\/vc_column][vc_column width=&#8221;1\/4&#8243; css=&#8221;.vc_custom_1581948529110{padding-right: 0px !important;padding-left: 0px !important;}&#8221;]\n  <div class=\"pricingtables default\">\n    <div class=\"panel panel-info\">\n        <div class=\"panel-heading\">\n            <h3 class=\"text-center\">KVM 4<\/h3>\n        <\/div>\n        <div class=\"panel-body text-center\">\n            <span>Abonament<\/span>            <h4><\/h4>\n                    <\/div>\n        <div class=\"text-center\"><p>\n          <\/p>\n<ul>\n<li>Abonament miesi\u0119czny brutto 244,77,-<\/li>\n<li>Abonament kwartalny brutto 694,95,-<\/li>\n<li>Abonament p\u00f3\u0142roczny brutto 1353,-<\/li>\n<li><strong>Abonament roczny brutto 2583,-<br \/>\n<\/strong><\/li>\n<\/ul>\n<p>        <\/div>\n                <div class=\"panel-footer\">\n            <a class=\"btn btn-lg btn-pricetable\" href=\"#\">Zamawiam<\/a>\n        <\/div>\n            <\/div>\n  <\/div>\n\n  [\/vc_column][\/vc_row]<\/p>\n","protected":false},"excerpt":{"rendered":"<p>[vc_row][vc_column][vc_single_image image=&#8221;999&#8243; img_size=&#8221;full&#8221; alignment=&#8221;center&#8221;][vc_column_text]Co to jest VPS? (\u017ar\u00f3d\u0142o) Virtual Private Server &#8211; Jest to podzia\u0142 maszyny, jak\u0105 jest serwer, na kilka mniejszych, wirtualnych. VPS umo\u017cliwia pe\u0142ny dost\u0119p do konta root. Do zarz\u0105dzania VPS-ami najcz\u0119\u015bciej wykorzystuje si\u0119 oprogramowanie Xen, KVM, VMware, FreeVPS, Virtuozzo, OpenVZ.\u201d Serwery oparte na technologii KVM oferuj\u0105 pe\u0142n\u0105 wirtualizacj\u0119 i s\u0105 skierowane do [&hellip;]<\/p>\n","protected":false},"author":1,"featured_media":0,"parent":0,"menu_order":0,"comment_status":"closed","ping_status":"closed","template":"page-templates\/template-fullwidth.php","meta":[],"acf":[],"_links":{"self":[{"href":"https:\/\/vipower.pl\/new\/wp-json\/wp\/v2\/pages\/963"}],"collection":[{"href":"https:\/\/vipower.pl\/new\/wp-json\/wp\/v2\/pages"}],"about":[{"href":"https:\/\/vipower.pl\/new\/wp-json\/wp\/v2\/types\/page"}],"author":[{"embeddable":true,"href":"https:\/\/vipower.pl\/new\/wp-json\/wp\/v2\/users\/1"}],"replies":[{"embeddable":true,"href":"https:\/\/vipower.pl\/new\/wp-json\/wp\/v2\/comments?post=963"}],"version-history":[{"count":7,"href":"https:\/\/vipower.pl\/new\/wp-json\/wp\/v2\/pages\/963\/revisions"}],"predecessor-version":[{"id":1041,"href":"https:\/\/vipower.pl\/new\/wp-json\/wp\/v2\/pages\/963\/revisions\/1041"}],"wp:attachment":[{"href":"https:\/\/vipower.pl\/new\/wp-json\/wp\/v2\/media?parent=963"}],"curies":[{"name":"wp","href":"https:\/\/api.w.org\/{rel}","templated":true}]}}