{"id":985,"date":"2020-02-18T08:06:49","date_gmt":"2020-02-18T07:06:49","guid":{"rendered":"https:\/\/vipower.pl\/new\/?page_id=985"},"modified":"2020-02-27T09:01:08","modified_gmt":"2020-02-27T08:01:08","slug":"serwery-dedykowane","status":"publish","type":"page","link":"https:\/\/vipower.pl\/new\/serwery-dedykowane\/","title":{"rendered":"Serwery dedykowane"},"content":{"rendered":"<p>[vc_row][vc_column][vc_single_image image=&#8221;865&#8243; img_size=&#8221;full&#8221; alignment=&#8221;center&#8221;][\/vc_column][\/vc_row][vc_row][vc_column][vc_column_text]Bezpiecze\u0144stwo zasilania zapewnione przez dwa niezale\u017cne \u017ar\u00f3d\u0142a 230VAC oraz system UPS&#8217;\u00f3w, kt\u00f3ry zapewnia ci\u0105g\u0142o\u015b\u0107 pracy w oczekiwaniu na w\u0142\u0105czenie agregatu pr\u0105dotw\u00f3rczego. Dodatkowo budynek wyposa\u017cony jest w system nadmiarowej klimatyzacji przemys\u0142owej, kt\u00f3ra zapewnia idealne warunki pracy wszystkim urz\u0105dzeniom sieciowym znajduj\u0105cym si\u0119 w centrum danych. Centrum Danych ViPower wyposa\u017cone jest w monitoring przemys\u0142owy i jest strze\u017cone przez agencj\u0119 ochrony.<\/p>\n<p>Posiadamy bezpo\u015brednie wpi\u0119cie do sieci\u00a0<b>ATMAN<\/b>, oraz <b>TASK<\/b> oczywi\u015bcie wszystko to dzia\u0142a w oparciu o protok\u00f3\u0142 <b>BGP<\/b>. Konfiguracja naszej infrastruktury, zapewnia wysok\u0105 jako\u015b\u0107 po\u0142\u0105czenia i niskie czasy dost\u0119pu z wi\u0119kszo\u015bci miejsc, nie tylko w kraju, ale i na \u015bwiecie. Jeste\u015bmy pewni naszych rozwi\u0105za\u0144 dlatego udzielamy gwarancji na \u015bwiadczone us\u0142ugi![\/vc_column_text][\/vc_column][\/vc_row][vc_row][vc_column][vc_single_image image=&#8221;986&#8243; img_size=&#8221;760&#215;245&#8243; alignment=&#8221;center&#8221;][\/vc_column][\/vc_row][vc_row][vc_column][vc_column_text]<b>Centrum Danych<\/b> zlokalizowane jest w <b>Centrum Biznesu w Gda\u0144sku<\/b>, przy ul. Wa\u0142y Piastowskie 1.<br \/>\nPodstawowe cechy to:<\/p>\n<p>&#8211; doskona\u0142a lokalizacja, przez kt\u00f3r\u0105 przebiegaj\u0105 sieci \u015bwiat\u0142owodowe najwi\u0119kszych operator\u00f3w telekomunikacyjnych w Polsce,<br \/>\n&#8211; pewne zasilanie w energi\u0119, zabezpieczone generatorami pr\u0105dotw\u00f3rczymi o du\u017cej mocy oraz systemem UPS&#8217;\u00f3w firmy APC,<br \/>\n&#8211; system klimatyzacji z redundancj\u0105, utrzymuj\u0105cy odpowiedni\u0105 temperatur\u0119,<br \/>\n&#8211; bezpiecze\u0144stwo fizyczne, monitoring obiektu, ca\u0142odobowa ochrona fizyczna i system kamer, system kontroli dost\u0119pu,<br \/>\n&#8211; ca\u0142odobowy monitoring sieci i system\u00f3w komputerowych,<br \/>\n&#8211; dynamiczny routing BGP (AS197155).<\/p>\n<p>Sie\u0107 Centrum Danych oparta jest o niezawodny sprz\u0119t Cisco, Juniper, Hewlett-Packard, 3Com oraz APC, a us\u0142ugi serwer\u00f3w dedykowanych \u015bwiadczone s\u0105 na maszynach HP i Dell.[\/vc_column_text][\/vc_column][\/vc_row][vc_row][vc_column][vc_empty_space height=&#8221;60px&#8221;][\/vc_column][\/vc_row]<\/p>\n","protected":false},"excerpt":{"rendered":"<p>[vc_row][vc_column][vc_single_image image=&#8221;865&#8243; img_size=&#8221;full&#8221; alignment=&#8221;center&#8221;][\/vc_column][\/vc_row][vc_row][vc_column][vc_column_text]Bezpiecze\u0144stwo zasilania zapewnione przez dwa niezale\u017cne \u017ar\u00f3d\u0142a 230VAC oraz system UPS&#8217;\u00f3w, kt\u00f3ry zapewnia ci\u0105g\u0142o\u015b\u0107 pracy w oczekiwaniu na w\u0142\u0105czenie agregatu pr\u0105dotw\u00f3rczego. Dodatkowo budynek wyposa\u017cony jest w system nadmiarowej klimatyzacji przemys\u0142owej, kt\u00f3ra zapewnia idealne warunki pracy wszystkim urz\u0105dzeniom sieciowym znajduj\u0105cym si\u0119 w centrum danych. Centrum Danych ViPower wyposa\u017cone jest w monitoring przemys\u0142owy i [&hellip;]<\/p>\n","protected":false},"author":1,"featured_media":0,"parent":0,"menu_order":0,"comment_status":"closed","ping_status":"closed","template":"page-templates\/template-fullwidth.php","meta":[],"acf":[],"_links":{"self":[{"href":"https:\/\/vipower.pl\/new\/wp-json\/wp\/v2\/pages\/985"}],"collection":[{"href":"https:\/\/vipower.pl\/new\/wp-json\/wp\/v2\/pages"}],"about":[{"href":"https:\/\/vipower.pl\/new\/wp-json\/wp\/v2\/types\/page"}],"author":[{"embeddable":true,"href":"https:\/\/vipower.pl\/new\/wp-json\/wp\/v2\/users\/1"}],"replies":[{"embeddable":true,"href":"https:\/\/vipower.pl\/new\/wp-json\/wp\/v2\/comments?post=985"}],"version-history":[{"count":5,"href":"https:\/\/vipower.pl\/new\/wp-json\/wp\/v2\/pages\/985\/revisions"}],"predecessor-version":[{"id":994,"href":"https:\/\/vipower.pl\/new\/wp-json\/wp\/v2\/pages\/985\/revisions\/994"}],"wp:attachment":[{"href":"https:\/\/vipower.pl\/new\/wp-json\/wp\/v2\/media?parent=985"}],"curies":[{"name":"wp","href":"https:\/\/api.w.org\/{rel}","templated":true}]}}